{"id":34,"date":"2018-03-11T11:19:51","date_gmt":"2018-03-11T11:19:51","guid":{"rendered":"https:\/\/physiotherapie-hiller-hilliges.de\/?page_id=34"},"modified":"2019-12-23T14:59:57","modified_gmt":"2019-12-23T14:59:57","slug":"angebot","status":"publish","type":"page","link":"https:\/\/physiotherapie-hiller-hilliges.de\/wp\/?page_id=34","title":{"rendered":"Angebot"},"content":{"rendered":"<p>Als Physiotherapeuten sind wir Heilmittelerbringer und behandeln auf \u00e4rztliche Anweisung. Wenn Ihnen an der Entwicklung Ihres Kindes etwas auff\u00e4llt, Sie unsicher sind und Fragen haben, wenden Sie sich zuerst an Ihren Kinderarzt.<\/p>\n<p>Dar\u00fcber hinaus beraten wir Sie und behandeln gegebenenfalls auch gerne, wenn:<\/p>\n<ul>\n<li>Ihr Kind Regulationsst\u00f6rungen hat, viel schreit, unruhig oder zappelig ist<\/li>\n<li>Sie den Eindruck haben ein \u201eSchreibaby\u201c zu haben<\/li>\n<li>Ihr Kind hastig und unkontrolliert trinkt, oder es sonst Schwierigkeiten beim Stillen bzw. sp\u00e4ter beim Essen gibt<\/li>\n<li>Ihr Kind kaum zur Ruhe kommt, schlecht einschl\u00e4ft oder unruhig schl\u00e4ft<\/li>\n<li>Ihr Kind nur in eine Richtung schaut, einen schiefen Hals, einen verformten Kopf oder eine Kopfgelenksblockade (\u201eKISS-Syndrom\u201c) hat<\/li>\n<li>Sie das Gef\u00fchl haben, Ihr Kind hat Defizite in der motorischen oder psychomotorischen Entwicklung<\/li>\n<li>Sie das Gef\u00fchl haben, im Umgang mit Ihrem Kind \u00fcberfordert zu sein<\/li>\n<\/ul>\n<p>Bei folgenden Auff\u00e4lligkeiten kann eine physiotherapeutische Behandlung notwendig sein:<\/p>\n<ul>\n<li>Entwicklungsverz\u00f6gerungen und mangelnder Aufrichtung aus der Bauchlage<\/li>\n<li>Zentraler Koordinationsst\u00f6rung<\/li>\n<li>Asymmetrie der Wirbels\u00e4ule (z.B. C-f\u00f6rmige Haltung)<\/li>\n<li>Asymmetrie des Sch\u00e4dels, bei Schiefhals, bei KISS-Syndrom (Kopfgelenks-Induzierte-Symmetrie-St\u00f6rung)<\/li>\n<li>Gleichgewichtsst\u00f6rungen<\/li>\n<li>h\u00e4ufig wiederkehrenden Atemwegsinfekten oder Bronchitiden<\/li>\n<li>Hackenf\u00fc\u00dfen, Sichelf\u00fc\u00dfen, Klumpf\u00fc\u00dfen<\/li>\n<li>Adaptationsschwierigkeiten nach der Geburt (auch Fr\u00fchchen)<\/li>\n<li>Blasen und Darmfunktionsst\u00f6rungen<\/li>\n<li>allen Formen k\u00f6rperlicher und\/oder geistiger Behinderungen<\/li>\n<li>Hohlkreuz oder Rundr\u00fccken und Skoliosen<\/li>\n<li>Fehlstellungen der Beine (X-Beine, O-Beine, Innerotiertes Gangbild), H\u00fcftdysplasien<\/li>\n<li>Fehlstellungen der F\u00fc\u00dfe<\/li>\n<li>Auff\u00e4lligkeiten der sensorischen Integration<\/li>\n<li>verminderter Beweglichkeit oder Ver\u00e4nderungen z.B. des Gangbildes durch Operationen<\/li>\n<li>Konzentrationsst\u00f6rungen<\/li>\n<li>Auff\u00e4lligkeiten der Mundmotorik, Verspannungen im Kieferbereich (z.B. Knirschen)<\/li>\n<li>Auff\u00e4lligkeiten der Handmotorik\/Feinmotorik<\/li>\n<li>Auff\u00e4lligkeiten der Grobmotorik (Koordinationsst\u00f6rungen)<\/li>\n<li>ADS\/ADHS<\/li>\n<li>Adipositas<\/li>\n<li>Verhaltensauff\u00e4lligkeiten vor allem im Kontakt mit anderen Kindern<\/li>\n<\/ul>\n","protected":false},"excerpt":{"rendered":"<p>Als Physiotherapeuten sind wir Heilmittelerbringer und behandeln auf \u00e4rztliche Anweisung. Wenn Ihnen an der Entwicklung Ihres Kindes etwas auff\u00e4llt, Sie unsicher sind und Fragen haben, wenden Sie sich zuerst an Ihren Kinderarzt. Dar\u00fcber hinaus beraten wir Sie und behandeln gegebenenfalls auch gerne, wenn: Ihr Kind Regulationsst\u00f6rungen hat, viel schreit, unruhig oder zappelig ist Sie den &hellip; <a href=\"https:\/\/physiotherapie-hiller-hilliges.de\/wp\/?page_id=34\" class=\"more-link\"><span class=\"screen-reader-text\">\u201eAngebot\u201c <\/span>weiterlesen<\/a><\/p>\n","protected":false},"author":1,"featured_media":0,"parent":7,"menu_order":0,"comment_status":"closed","ping_status":"closed","template":"","meta":{"footnotes":""},"class_list":["post-34","page","type-page","status-publish","hentry"],"yoast_head":"<!-- This site is optimized with the Yoast SEO plugin v27.5 - https:\/\/yoast.com\/product\/yoast-seo-wordpress\/ -->\n<title>Angebot - Physiotherapie und Osteopathie Hiller Hilliges<\/title>\n<meta name=\"robots\" content=\"index, follow, max-snippet:-1, max-image-preview:large, max-video-preview:-1\" \/>\n<link rel=\"canonical\" href=\"https:\/\/physiotherapie-hiller-hilliges.de\/wp\/?page_id=34\" \/>\n<meta property=\"og:locale\" content=\"de_DE\" \/>\n<meta property=\"og:type\" content=\"article\" \/>\n<meta property=\"og:title\" content=\"Angebot - Physiotherapie und Osteopathie Hiller Hilliges\" \/>\n<meta property=\"og:description\" content=\"Als Physiotherapeuten sind wir Heilmittelerbringer und behandeln auf \u00e4rztliche Anweisung. Wenn Ihnen an der Entwicklung Ihres Kindes etwas auff\u00e4llt, Sie unsicher sind und Fragen haben, wenden Sie sich zuerst an Ihren Kinderarzt. Dar\u00fcber hinaus beraten wir Sie und behandeln gegebenenfalls auch gerne, wenn: Ihr Kind Regulationsst\u00f6rungen hat, viel schreit, unruhig oder zappelig ist Sie den &hellip; \u201eAngebot\u201c weiterlesen\" \/>\n<meta property=\"og:url\" content=\"https:\/\/physiotherapie-hiller-hilliges.de\/wp\/?page_id=34\" \/>\n<meta property=\"og:site_name\" content=\"Physiotherapie und Osteopathie Hiller Hilliges\" \/>\n<meta property=\"article:modified_time\" content=\"2019-12-23T14:59:57+00:00\" \/>\n<meta name=\"twitter:card\" content=\"summary_large_image\" \/>\n<meta name=\"twitter:label1\" content=\"Gesch\u00e4tzte Lesezeit\" \/>\n\t<meta name=\"twitter:data1\" content=\"1\u00a0Minute\" \/>\n<script type=\"application\/ld+json\" class=\"yoast-schema-graph\">{\"@context\":\"https:\\\/\\\/schema.org\",\"@graph\":[{\"@type\":\"WebPage\",\"@id\":\"https:\\\/\\\/physiotherapie-hiller-hilliges.de\\\/wp\\\/?page_id=34\",\"url\":\"https:\\\/\\\/physiotherapie-hiller-hilliges.de\\\/wp\\\/?page_id=34\",\"name\":\"Angebot - Physiotherapie und Osteopathie Hiller Hilliges\",\"isPartOf\":{\"@id\":\"https:\\\/\\\/physiotherapie-hiller-hilliges.de\\\/wp\\\/#website\"},\"datePublished\":\"2018-03-11T11:19:51+00:00\",\"dateModified\":\"2019-12-23T14:59:57+00:00\",\"breadcrumb\":{\"@id\":\"https:\\\/\\\/physiotherapie-hiller-hilliges.de\\\/wp\\\/?page_id=34#breadcrumb\"},\"inLanguage\":\"de\",\"potentialAction\":[{\"@type\":\"ReadAction\",\"target\":[\"https:\\\/\\\/physiotherapie-hiller-hilliges.de\\\/wp\\\/?page_id=34\"]}]},{\"@type\":\"BreadcrumbList\",\"@id\":\"https:\\\/\\\/physiotherapie-hiller-hilliges.de\\\/wp\\\/?page_id=34#breadcrumb\",\"itemListElement\":[{\"@type\":\"ListItem\",\"position\":1,\"name\":\"Home\",\"item\":\"https:\\\/\\\/physiotherapie-hiller-hilliges.de\\\/wp\\\/\"},{\"@type\":\"ListItem\",\"position\":2,\"name\":\"Angebot\"}]},{\"@type\":\"WebSite\",\"@id\":\"https:\\\/\\\/physiotherapie-hiller-hilliges.de\\\/wp\\\/#website\",\"url\":\"https:\\\/\\\/physiotherapie-hiller-hilliges.de\\\/wp\\\/\",\"name\":\"Physiotherapie und Ostepathie Hiller\",\"description\":\"Praxis f\u00fcr Kinder\",\"potentialAction\":[{\"@type\":\"SearchAction\",\"target\":{\"@type\":\"EntryPoint\",\"urlTemplate\":\"https:\\\/\\\/physiotherapie-hiller-hilliges.de\\\/wp\\\/?s={search_term_string}\"},\"query-input\":{\"@type\":\"PropertyValueSpecification\",\"valueRequired\":true,\"valueName\":\"search_term_string\"}}],\"inLanguage\":\"de\"}]}<\/script>\n<!-- \/ Yoast SEO plugin. -->","yoast_head_json":{"title":"Angebot - Physiotherapie und Osteopathie Hiller Hilliges","robots":{"index":"index","follow":"follow","max-snippet":"max-snippet:-1","max-image-preview":"max-image-preview:large","max-video-preview":"max-video-preview:-1"},"canonical":"https:\/\/physiotherapie-hiller-hilliges.de\/wp\/?page_id=34","og_locale":"de_DE","og_type":"article","og_title":"Angebot - Physiotherapie und Osteopathie Hiller Hilliges","og_description":"Als Physiotherapeuten sind wir Heilmittelerbringer und behandeln auf \u00e4rztliche Anweisung. Wenn Ihnen an der Entwicklung Ihres Kindes etwas auff\u00e4llt, Sie unsicher sind und Fragen haben, wenden Sie sich zuerst an Ihren Kinderarzt. Dar\u00fcber hinaus beraten wir Sie und behandeln gegebenenfalls auch gerne, wenn: Ihr Kind Regulationsst\u00f6rungen hat, viel schreit, unruhig oder zappelig ist Sie den &hellip; \u201eAngebot\u201c weiterlesen","og_url":"https:\/\/physiotherapie-hiller-hilliges.de\/wp\/?page_id=34","og_site_name":"Physiotherapie und Osteopathie Hiller Hilliges","article_modified_time":"2019-12-23T14:59:57+00:00","twitter_card":"summary_large_image","twitter_misc":{"Gesch\u00e4tzte Lesezeit":"1\u00a0Minute"},"schema":{"@context":"https:\/\/schema.org","@graph":[{"@type":"WebPage","@id":"https:\/\/physiotherapie-hiller-hilliges.de\/wp\/?page_id=34","url":"https:\/\/physiotherapie-hiller-hilliges.de\/wp\/?page_id=34","name":"Angebot - Physiotherapie und Osteopathie Hiller Hilliges","isPartOf":{"@id":"https:\/\/physiotherapie-hiller-hilliges.de\/wp\/#website"},"datePublished":"2018-03-11T11:19:51+00:00","dateModified":"2019-12-23T14:59:57+00:00","breadcrumb":{"@id":"https:\/\/physiotherapie-hiller-hilliges.de\/wp\/?page_id=34#breadcrumb"},"inLanguage":"de","potentialAction":[{"@type":"ReadAction","target":["https:\/\/physiotherapie-hiller-hilliges.de\/wp\/?page_id=34"]}]},{"@type":"BreadcrumbList","@id":"https:\/\/physiotherapie-hiller-hilliges.de\/wp\/?page_id=34#breadcrumb","itemListElement":[{"@type":"ListItem","position":1,"name":"Home","item":"https:\/\/physiotherapie-hiller-hilliges.de\/wp\/"},{"@type":"ListItem","position":2,"name":"Angebot"}]},{"@type":"WebSite","@id":"https:\/\/physiotherapie-hiller-hilliges.de\/wp\/#website","url":"https:\/\/physiotherapie-hiller-hilliges.de\/wp\/","name":"Physiotherapie und Ostepathie Hiller","description":"Praxis f\u00fcr Kinder","potentialAction":[{"@type":"SearchAction","target":{"@type":"EntryPoint","urlTemplate":"https:\/\/physiotherapie-hiller-hilliges.de\/wp\/?s={search_term_string}"},"query-input":{"@type":"PropertyValueSpecification","valueRequired":true,"valueName":"search_term_string"}}],"inLanguage":"de"}]}},"jetpack_sharing_enabled":true,"_links":{"self":[{"href":"https:\/\/physiotherapie-hiller-hilliges.de\/wp\/index.php?rest_route=\/wp\/v2\/pages\/34","targetHints":{"allow":["GET"]}}],"collection":[{"href":"https:\/\/physiotherapie-hiller-hilliges.de\/wp\/index.php?rest_route=\/wp\/v2\/pages"}],"about":[{"href":"https:\/\/physiotherapie-hiller-hilliges.de\/wp\/index.php?rest_route=\/wp\/v2\/types\/page"}],"author":[{"embeddable":true,"href":"https:\/\/physiotherapie-hiller-hilliges.de\/wp\/index.php?rest_route=\/wp\/v2\/users\/1"}],"replies":[{"embeddable":true,"href":"https:\/\/physiotherapie-hiller-hilliges.de\/wp\/index.php?rest_route=%2Fwp%2Fv2%2Fcomments&post=34"}],"version-history":[{"count":2,"href":"https:\/\/physiotherapie-hiller-hilliges.de\/wp\/index.php?rest_route=\/wp\/v2\/pages\/34\/revisions"}],"predecessor-version":[{"id":79,"href":"https:\/\/physiotherapie-hiller-hilliges.de\/wp\/index.php?rest_route=\/wp\/v2\/pages\/34\/revisions\/79"}],"up":[{"embeddable":true,"href":"https:\/\/physiotherapie-hiller-hilliges.de\/wp\/index.php?rest_route=\/wp\/v2\/pages\/7"}],"wp:attachment":[{"href":"https:\/\/physiotherapie-hiller-hilliges.de\/wp\/index.php?rest_route=%2Fwp%2Fv2%2Fmedia&parent=34"}],"curies":[{"name":"wp","href":"https:\/\/api.w.org\/{rel}","templated":true}]}}