{"id":37,"date":"2018-03-11T11:21:42","date_gmt":"2018-03-11T11:21:42","guid":{"rendered":"https:\/\/physiotherapie-hiller-hilliges.de\/?page_id=37"},"modified":"2020-03-02T19:14:33","modified_gmt":"2020-03-02T19:14:33","slug":"hausbesuche","status":"publish","type":"page","link":"https:\/\/physiotherapie-hiller-hilliges.de\/wp\/?page_id=37","title":{"rendered":"Hausbesuche"},"content":{"rendered":"<p>Unter besonderen Umst\u00e4nden ist eine Behandlung in unserer Praxis f\u00fcr Sie oder Ihr Kind nicht m\u00f6glich. In diesen F\u00e4llen bieten wir Ihnen an, eine individuelle Behandlung zu Hause durchzuf\u00fchren.<br \/>\nGerne arbeiten wir dabei mit der h\u00e4uslichen Kinderkrankenpflege sowie anderen Institutionen zusammen.<\/p>\n<p>F\u00fcr einen Hausbesuch ist aus versicherungsrechtlichen Gr\u00fcnden eine spezielle Verordnung des betreuenden Arztes notwendig.<\/p>\n","protected":false},"excerpt":{"rendered":"<p>Unter besonderen Umst\u00e4nden ist eine Behandlung in unserer Praxis f\u00fcr Sie oder Ihr Kind nicht m\u00f6glich. In diesen F\u00e4llen bieten wir Ihnen an, eine individuelle Behandlung zu Hause durchzuf\u00fchren. Gerne arbeiten wir dabei mit der h\u00e4uslichen Kinderkrankenpflege sowie anderen Institutionen zusammen. F\u00fcr einen Hausbesuch ist aus versicherungsrechtlichen Gr\u00fcnden eine spezielle Verordnung des betreuenden Arztes notwendig.<\/p>\n","protected":false},"author":1,"featured_media":0,"parent":34,"menu_order":3,"comment_status":"closed","ping_status":"closed","template":"","meta":{"footnotes":""},"class_list":["post-37","page","type-page","status-publish","hentry"],"yoast_head":"<!-- This site is optimized with the Yoast SEO plugin v27.5 - https:\/\/yoast.com\/product\/yoast-seo-wordpress\/ -->\n<title>Hausbesuche - Physiotherapie und Osteopathie Hiller Hilliges<\/title>\n<meta name=\"robots\" content=\"index, follow, max-snippet:-1, max-image-preview:large, max-video-preview:-1\" \/>\n<link rel=\"canonical\" href=\"https:\/\/physiotherapie-hiller-hilliges.de\/wp\/?page_id=37\" \/>\n<meta property=\"og:locale\" content=\"de_DE\" \/>\n<meta property=\"og:type\" content=\"article\" \/>\n<meta property=\"og:title\" content=\"Hausbesuche - Physiotherapie und Osteopathie Hiller Hilliges\" \/>\n<meta property=\"og:description\" content=\"Unter besonderen Umst\u00e4nden ist eine Behandlung in unserer Praxis f\u00fcr Sie oder Ihr Kind nicht m\u00f6glich. In diesen F\u00e4llen bieten wir Ihnen an, eine individuelle Behandlung zu Hause durchzuf\u00fchren. Gerne arbeiten wir dabei mit der h\u00e4uslichen Kinderkrankenpflege sowie anderen Institutionen zusammen. F\u00fcr einen Hausbesuch ist aus versicherungsrechtlichen Gr\u00fcnden eine spezielle Verordnung des betreuenden Arztes notwendig.\" \/>\n<meta property=\"og:url\" content=\"https:\/\/physiotherapie-hiller-hilliges.de\/wp\/?page_id=37\" \/>\n<meta property=\"og:site_name\" content=\"Physiotherapie und Osteopathie Hiller Hilliges\" \/>\n<meta property=\"article:modified_time\" content=\"2020-03-02T19:14:33+00:00\" \/>\n<meta name=\"twitter:card\" content=\"summary_large_image\" \/>\n<script type=\"application\/ld+json\" class=\"yoast-schema-graph\">{\"@context\":\"https:\\\/\\\/schema.org\",\"@graph\":[{\"@type\":\"WebPage\",\"@id\":\"https:\\\/\\\/physiotherapie-hiller-hilliges.de\\\/wp\\\/?page_id=37\",\"url\":\"https:\\\/\\\/physiotherapie-hiller-hilliges.de\\\/wp\\\/?page_id=37\",\"name\":\"Hausbesuche - Physiotherapie und Osteopathie Hiller Hilliges\",\"isPartOf\":{\"@id\":\"https:\\\/\\\/physiotherapie-hiller-hilliges.de\\\/wp\\\/#website\"},\"datePublished\":\"2018-03-11T11:21:42+00:00\",\"dateModified\":\"2020-03-02T19:14:33+00:00\",\"breadcrumb\":{\"@id\":\"https:\\\/\\\/physiotherapie-hiller-hilliges.de\\\/wp\\\/?page_id=37#breadcrumb\"},\"inLanguage\":\"de\",\"potentialAction\":[{\"@type\":\"ReadAction\",\"target\":[\"https:\\\/\\\/physiotherapie-hiller-hilliges.de\\\/wp\\\/?page_id=37\"]}]},{\"@type\":\"BreadcrumbList\",\"@id\":\"https:\\\/\\\/physiotherapie-hiller-hilliges.de\\\/wp\\\/?page_id=37#breadcrumb\",\"itemListElement\":[{\"@type\":\"ListItem\",\"position\":1,\"name\":\"Home\",\"item\":\"https:\\\/\\\/physiotherapie-hiller-hilliges.de\\\/wp\\\/\"},{\"@type\":\"ListItem\",\"position\":2,\"name\":\"Angebot\",\"item\":\"https:\\\/\\\/physiotherapie-hiller-hilliges.de\\\/wp\\\/?page_id=34\"},{\"@type\":\"ListItem\",\"position\":3,\"name\":\"Hausbesuche\"}]},{\"@type\":\"WebSite\",\"@id\":\"https:\\\/\\\/physiotherapie-hiller-hilliges.de\\\/wp\\\/#website\",\"url\":\"https:\\\/\\\/physiotherapie-hiller-hilliges.de\\\/wp\\\/\",\"name\":\"Physiotherapie und Ostepathie Hiller\",\"description\":\"Praxis f\u00fcr Kinder\",\"potentialAction\":[{\"@type\":\"SearchAction\",\"target\":{\"@type\":\"EntryPoint\",\"urlTemplate\":\"https:\\\/\\\/physiotherapie-hiller-hilliges.de\\\/wp\\\/?s={search_term_string}\"},\"query-input\":{\"@type\":\"PropertyValueSpecification\",\"valueRequired\":true,\"valueName\":\"search_term_string\"}}],\"inLanguage\":\"de\"}]}<\/script>\n<!-- \/ Yoast SEO plugin. -->","yoast_head_json":{"title":"Hausbesuche - Physiotherapie und Osteopathie Hiller Hilliges","robots":{"index":"index","follow":"follow","max-snippet":"max-snippet:-1","max-image-preview":"max-image-preview:large","max-video-preview":"max-video-preview:-1"},"canonical":"https:\/\/physiotherapie-hiller-hilliges.de\/wp\/?page_id=37","og_locale":"de_DE","og_type":"article","og_title":"Hausbesuche - Physiotherapie und Osteopathie Hiller Hilliges","og_description":"Unter besonderen Umst\u00e4nden ist eine Behandlung in unserer Praxis f\u00fcr Sie oder Ihr Kind nicht m\u00f6glich. In diesen F\u00e4llen bieten wir Ihnen an, eine individuelle Behandlung zu Hause durchzuf\u00fchren. Gerne arbeiten wir dabei mit der h\u00e4uslichen Kinderkrankenpflege sowie anderen Institutionen zusammen. F\u00fcr einen Hausbesuch ist aus versicherungsrechtlichen Gr\u00fcnden eine spezielle Verordnung des betreuenden Arztes notwendig.","og_url":"https:\/\/physiotherapie-hiller-hilliges.de\/wp\/?page_id=37","og_site_name":"Physiotherapie und Osteopathie Hiller Hilliges","article_modified_time":"2020-03-02T19:14:33+00:00","twitter_card":"summary_large_image","schema":{"@context":"https:\/\/schema.org","@graph":[{"@type":"WebPage","@id":"https:\/\/physiotherapie-hiller-hilliges.de\/wp\/?page_id=37","url":"https:\/\/physiotherapie-hiller-hilliges.de\/wp\/?page_id=37","name":"Hausbesuche - Physiotherapie und Osteopathie Hiller Hilliges","isPartOf":{"@id":"https:\/\/physiotherapie-hiller-hilliges.de\/wp\/#website"},"datePublished":"2018-03-11T11:21:42+00:00","dateModified":"2020-03-02T19:14:33+00:00","breadcrumb":{"@id":"https:\/\/physiotherapie-hiller-hilliges.de\/wp\/?page_id=37#breadcrumb"},"inLanguage":"de","potentialAction":[{"@type":"ReadAction","target":["https:\/\/physiotherapie-hiller-hilliges.de\/wp\/?page_id=37"]}]},{"@type":"BreadcrumbList","@id":"https:\/\/physiotherapie-hiller-hilliges.de\/wp\/?page_id=37#breadcrumb","itemListElement":[{"@type":"ListItem","position":1,"name":"Home","item":"https:\/\/physiotherapie-hiller-hilliges.de\/wp\/"},{"@type":"ListItem","position":2,"name":"Angebot","item":"https:\/\/physiotherapie-hiller-hilliges.de\/wp\/?page_id=34"},{"@type":"ListItem","position":3,"name":"Hausbesuche"}]},{"@type":"WebSite","@id":"https:\/\/physiotherapie-hiller-hilliges.de\/wp\/#website","url":"https:\/\/physiotherapie-hiller-hilliges.de\/wp\/","name":"Physiotherapie und Ostepathie Hiller","description":"Praxis f\u00fcr Kinder","potentialAction":[{"@type":"SearchAction","target":{"@type":"EntryPoint","urlTemplate":"https:\/\/physiotherapie-hiller-hilliges.de\/wp\/?s={search_term_string}"},"query-input":{"@type":"PropertyValueSpecification","valueRequired":true,"valueName":"search_term_string"}}],"inLanguage":"de"}]}},"jetpack_sharing_enabled":true,"_links":{"self":[{"href":"https:\/\/physiotherapie-hiller-hilliges.de\/wp\/index.php?rest_route=\/wp\/v2\/pages\/37","targetHints":{"allow":["GET"]}}],"collection":[{"href":"https:\/\/physiotherapie-hiller-hilliges.de\/wp\/index.php?rest_route=\/wp\/v2\/pages"}],"about":[{"href":"https:\/\/physiotherapie-hiller-hilliges.de\/wp\/index.php?rest_route=\/wp\/v2\/types\/page"}],"author":[{"embeddable":true,"href":"https:\/\/physiotherapie-hiller-hilliges.de\/wp\/index.php?rest_route=\/wp\/v2\/users\/1"}],"replies":[{"embeddable":true,"href":"https:\/\/physiotherapie-hiller-hilliges.de\/wp\/index.php?rest_route=%2Fwp%2Fv2%2Fcomments&post=37"}],"version-history":[{"count":1,"href":"https:\/\/physiotherapie-hiller-hilliges.de\/wp\/index.php?rest_route=\/wp\/v2\/pages\/37\/revisions"}],"predecessor-version":[{"id":38,"href":"https:\/\/physiotherapie-hiller-hilliges.de\/wp\/index.php?rest_route=\/wp\/v2\/pages\/37\/revisions\/38"}],"up":[{"embeddable":true,"href":"https:\/\/physiotherapie-hiller-hilliges.de\/wp\/index.php?rest_route=\/wp\/v2\/pages\/34"}],"wp:attachment":[{"href":"https:\/\/physiotherapie-hiller-hilliges.de\/wp\/index.php?rest_route=%2Fwp%2Fv2%2Fmedia&parent=37"}],"curies":[{"name":"wp","href":"https:\/\/api.w.org\/{rel}","templated":true}]}}