{"id":39,"date":"2018-03-11T11:22:07","date_gmt":"2018-03-11T11:22:07","guid":{"rendered":"https:\/\/physiotherapie-hiller-hilliges.de\/?page_id=39"},"modified":"2021-07-07T19:41:18","modified_gmt":"2021-07-07T17:41:18","slug":"therapien","status":"publish","type":"page","link":"https:\/\/physiotherapie-hiller-hilliges.de\/wp\/?page_id=39","title":{"rendered":"Therapien"},"content":{"rendered":"<p>Folgende Therapien werden bei uns durchgef\u00fchrt:<\/p>\n<ul>\n<li><a class=\"ext\" href=\"http:\/\/www.vojta.com\" target=\"_blank\" rel=\"noopener noreferrer\">Vojta Therapie<\/a><\/li>\n<li><a class=\"ext\" href=\"http:\/\/www.bobath-vereinigung.de\/\" target=\"_blank\" rel=\"noopener noreferrer\">Bobath Therapie<\/a><\/li>\n<li>Osteopathie (\u00fcber <a href=\"https:\/\/heilpraktikerin-hiller.de\/\">Naturheilpraxis Kjersti Hiller<\/a>)<\/li>\n<li><a class=\"ext\" href=\"http:\/\/www.castillomoralesvereinigung.de\/Castillodata\/Deutsch\/Konzept.html\" target=\"_blank\" rel=\"noopener noreferrer\">Castillo Morales Konzept<\/a><\/li>\n<li><a class=\"ext\" href=\"http:\/\/www.schreibaby.de\" target=\"_blank\" rel=\"noopener noreferrer\">Beratung und Begleitung f\u00fcr Eltern mit Schreibabys<\/a><\/li>\n<li>Behandlung KISS-Syndrom<\/li>\n<li>Atlastherapie<\/li>\n<li>Allgemeine krankengymnastische Behandlungstechniken<\/li>\n<li>Psychomotorik, psychomotorische Gruppenbehandlung<\/li>\n<li><a class=\"ext\" href=\"http:\/\/www.upledger.de\" target=\"_blank\" rel=\"noopener noreferrer\">Craniosacrale Behandlungstechniken nach Upledger<\/a><\/li>\n<li><a class=\"ext\" href=\"http:\/\/www.barralinstitute.com\" target=\"_blank\" rel=\"noopener noreferrer\">Viscerale Behandlungstechniken nach Barral<\/a><\/li>\n<li>Somato Emotionale Behandlungstechniken<\/li>\n<li>Integrative Prozessbegleitung<\/li>\n<li>Behandlung Cranio Mandibul\u00e4rer Dysfunktionen (CMD)<\/li>\n<li>Manuelle Therapie<\/li>\n<li>PNF (Propriozeptive Neuromuskul\u00e4re Fazilitation)<\/li>\n<li>Synergetische Reflextherapie nach Pfaffenrot<\/li>\n<li>Atemtherapie, speziell auch Mukoviszidosebehandlung (CF, Reflektorische Atemtherapie RAT)<\/li>\n<li>Manuelle Lymphdrainage<\/li>\n<li><a class=\"ext\" href=\"http:\/\/www.schroth-skoliosebehandlung.de\/\" target=\"_blank\" rel=\"noopener noreferrer\">Skoliosebehandlung nach Schroth<\/a><\/li>\n<li>Therapie nach Zukunft Huber (Dreidimensionale neurophysiologische Fu\u00dftherapie)<\/li>\n<li>Behandlung juveniler chronischer Arthritis<\/li>\n<li>Nancy Hylton Einlagen<\/li>\n<li>Hilfsmittelberatung und Anpassung in Kooperation mit Orthop\u00e4dietechnikern<\/li>\n<li><a class=\"ext\" href=\"http:\/\/www.galileo-training.com\" target=\"_blank\" rel=\"noopener noreferrer\">Galileo-Therapie<\/a><\/li>\n<li>Nazarov-Stimulationstherapie<\/li>\n<li>Magnet-Resonanz-Therapie<\/li>\n<li>Beratert\u00e4tigkeit bei Inklusionsprojekten und in Kinderg\u00e4rten mit inklusiver Betreuung<\/li>\n<li>Fachvortr\u00e4ge, z. B.\n<ul>\n<li>Bewegung als Grundlage f\u00fcr Entwicklung<\/li>\n<li>Osteopathie f\u00fcr S\u00e4uglinge und Kinder<\/li>\n<li>Motorische Entwicklung im ersten Lebensjahr<\/li>\n<\/ul>\n<\/li>\n<\/ul>\n","protected":false},"excerpt":{"rendered":"<p>Folgende Therapien werden bei uns durchgef\u00fchrt: Vojta Therapie Bobath Therapie Osteopathie (\u00fcber Naturheilpraxis Kjersti Hiller) Castillo Morales Konzept Beratung und Begleitung f\u00fcr Eltern mit Schreibabys Behandlung KISS-Syndrom Atlastherapie Allgemeine krankengymnastische Behandlungstechniken Psychomotorik, psychomotorische Gruppenbehandlung Craniosacrale Behandlungstechniken nach Upledger Viscerale Behandlungstechniken nach Barral Somato Emotionale Behandlungstechniken Integrative Prozessbegleitung Behandlung Cranio Mandibul\u00e4rer Dysfunktionen (CMD) Manuelle Therapie PNF &hellip; <a href=\"https:\/\/physiotherapie-hiller-hilliges.de\/wp\/?page_id=39\" class=\"more-link\"><span class=\"screen-reader-text\">\u201eTherapien\u201c <\/span>weiterlesen<\/a><\/p>\n","protected":false},"author":1,"featured_media":0,"parent":34,"menu_order":0,"comment_status":"closed","ping_status":"closed","template":"","meta":{"footnotes":""},"class_list":["post-39","page","type-page","status-publish","hentry"],"yoast_head":"<!-- This site is optimized with the Yoast SEO plugin v27.5 - https:\/\/yoast.com\/product\/yoast-seo-wordpress\/ -->\n<title>Therapien - Physiotherapie und Osteopathie Hiller Hilliges<\/title>\n<meta name=\"robots\" content=\"index, follow, max-snippet:-1, max-image-preview:large, max-video-preview:-1\" \/>\n<link rel=\"canonical\" href=\"https:\/\/physiotherapie-hiller-hilliges.de\/wp\/?page_id=39\" \/>\n<meta property=\"og:locale\" content=\"de_DE\" \/>\n<meta property=\"og:type\" content=\"article\" \/>\n<meta property=\"og:title\" content=\"Therapien - Physiotherapie und Osteopathie Hiller Hilliges\" \/>\n<meta property=\"og:description\" content=\"Folgende Therapien werden bei uns durchgef\u00fchrt: Vojta Therapie Bobath Therapie Osteopathie (\u00fcber Naturheilpraxis Kjersti Hiller) Castillo Morales Konzept Beratung und Begleitung f\u00fcr Eltern mit Schreibabys Behandlung KISS-Syndrom Atlastherapie Allgemeine krankengymnastische Behandlungstechniken Psychomotorik, psychomotorische Gruppenbehandlung Craniosacrale Behandlungstechniken nach Upledger Viscerale Behandlungstechniken nach Barral Somato Emotionale Behandlungstechniken Integrative Prozessbegleitung Behandlung Cranio Mandibul\u00e4rer Dysfunktionen (CMD) Manuelle Therapie PNF &hellip; \u201eTherapien\u201c weiterlesen\" \/>\n<meta property=\"og:url\" content=\"https:\/\/physiotherapie-hiller-hilliges.de\/wp\/?page_id=39\" \/>\n<meta property=\"og:site_name\" content=\"Physiotherapie und Osteopathie Hiller Hilliges\" \/>\n<meta property=\"article:modified_time\" content=\"2021-07-07T17:41:18+00:00\" \/>\n<meta name=\"twitter:card\" content=\"summary_large_image\" \/>\n<meta name=\"twitter:label1\" content=\"Gesch\u00e4tzte Lesezeit\" \/>\n\t<meta name=\"twitter:data1\" content=\"1\u00a0Minute\" \/>\n<script type=\"application\/ld+json\" class=\"yoast-schema-graph\">{\"@context\":\"https:\\\/\\\/schema.org\",\"@graph\":[{\"@type\":\"WebPage\",\"@id\":\"https:\\\/\\\/physiotherapie-hiller-hilliges.de\\\/wp\\\/?page_id=39\",\"url\":\"https:\\\/\\\/physiotherapie-hiller-hilliges.de\\\/wp\\\/?page_id=39\",\"name\":\"Therapien - Physiotherapie und Osteopathie Hiller Hilliges\",\"isPartOf\":{\"@id\":\"https:\\\/\\\/physiotherapie-hiller-hilliges.de\\\/wp\\\/#website\"},\"datePublished\":\"2018-03-11T11:22:07+00:00\",\"dateModified\":\"2021-07-07T17:41:18+00:00\",\"breadcrumb\":{\"@id\":\"https:\\\/\\\/physiotherapie-hiller-hilliges.de\\\/wp\\\/?page_id=39#breadcrumb\"},\"inLanguage\":\"de\",\"potentialAction\":[{\"@type\":\"ReadAction\",\"target\":[\"https:\\\/\\\/physiotherapie-hiller-hilliges.de\\\/wp\\\/?page_id=39\"]}]},{\"@type\":\"BreadcrumbList\",\"@id\":\"https:\\\/\\\/physiotherapie-hiller-hilliges.de\\\/wp\\\/?page_id=39#breadcrumb\",\"itemListElement\":[{\"@type\":\"ListItem\",\"position\":1,\"name\":\"Home\",\"item\":\"https:\\\/\\\/physiotherapie-hiller-hilliges.de\\\/wp\\\/\"},{\"@type\":\"ListItem\",\"position\":2,\"name\":\"Angebot\",\"item\":\"https:\\\/\\\/physiotherapie-hiller-hilliges.de\\\/wp\\\/?page_id=34\"},{\"@type\":\"ListItem\",\"position\":3,\"name\":\"Therapien\"}]},{\"@type\":\"WebSite\",\"@id\":\"https:\\\/\\\/physiotherapie-hiller-hilliges.de\\\/wp\\\/#website\",\"url\":\"https:\\\/\\\/physiotherapie-hiller-hilliges.de\\\/wp\\\/\",\"name\":\"Physiotherapie und Ostepathie Hiller\",\"description\":\"Praxis f\u00fcr Kinder\",\"potentialAction\":[{\"@type\":\"SearchAction\",\"target\":{\"@type\":\"EntryPoint\",\"urlTemplate\":\"https:\\\/\\\/physiotherapie-hiller-hilliges.de\\\/wp\\\/?s={search_term_string}\"},\"query-input\":{\"@type\":\"PropertyValueSpecification\",\"valueRequired\":true,\"valueName\":\"search_term_string\"}}],\"inLanguage\":\"de\"}]}<\/script>\n<!-- \/ Yoast SEO plugin. -->","yoast_head_json":{"title":"Therapien - Physiotherapie und Osteopathie Hiller Hilliges","robots":{"index":"index","follow":"follow","max-snippet":"max-snippet:-1","max-image-preview":"max-image-preview:large","max-video-preview":"max-video-preview:-1"},"canonical":"https:\/\/physiotherapie-hiller-hilliges.de\/wp\/?page_id=39","og_locale":"de_DE","og_type":"article","og_title":"Therapien - Physiotherapie und Osteopathie Hiller Hilliges","og_description":"Folgende Therapien werden bei uns durchgef\u00fchrt: Vojta Therapie Bobath Therapie Osteopathie (\u00fcber Naturheilpraxis Kjersti Hiller) Castillo Morales Konzept Beratung und Begleitung f\u00fcr Eltern mit Schreibabys Behandlung KISS-Syndrom Atlastherapie Allgemeine krankengymnastische Behandlungstechniken Psychomotorik, psychomotorische Gruppenbehandlung Craniosacrale Behandlungstechniken nach Upledger Viscerale Behandlungstechniken nach Barral Somato Emotionale Behandlungstechniken Integrative Prozessbegleitung Behandlung Cranio Mandibul\u00e4rer Dysfunktionen (CMD) Manuelle Therapie PNF &hellip; \u201eTherapien\u201c weiterlesen","og_url":"https:\/\/physiotherapie-hiller-hilliges.de\/wp\/?page_id=39","og_site_name":"Physiotherapie und Osteopathie Hiller Hilliges","article_modified_time":"2021-07-07T17:41:18+00:00","twitter_card":"summary_large_image","twitter_misc":{"Gesch\u00e4tzte Lesezeit":"1\u00a0Minute"},"schema":{"@context":"https:\/\/schema.org","@graph":[{"@type":"WebPage","@id":"https:\/\/physiotherapie-hiller-hilliges.de\/wp\/?page_id=39","url":"https:\/\/physiotherapie-hiller-hilliges.de\/wp\/?page_id=39","name":"Therapien - Physiotherapie und Osteopathie Hiller Hilliges","isPartOf":{"@id":"https:\/\/physiotherapie-hiller-hilliges.de\/wp\/#website"},"datePublished":"2018-03-11T11:22:07+00:00","dateModified":"2021-07-07T17:41:18+00:00","breadcrumb":{"@id":"https:\/\/physiotherapie-hiller-hilliges.de\/wp\/?page_id=39#breadcrumb"},"inLanguage":"de","potentialAction":[{"@type":"ReadAction","target":["https:\/\/physiotherapie-hiller-hilliges.de\/wp\/?page_id=39"]}]},{"@type":"BreadcrumbList","@id":"https:\/\/physiotherapie-hiller-hilliges.de\/wp\/?page_id=39#breadcrumb","itemListElement":[{"@type":"ListItem","position":1,"name":"Home","item":"https:\/\/physiotherapie-hiller-hilliges.de\/wp\/"},{"@type":"ListItem","position":2,"name":"Angebot","item":"https:\/\/physiotherapie-hiller-hilliges.de\/wp\/?page_id=34"},{"@type":"ListItem","position":3,"name":"Therapien"}]},{"@type":"WebSite","@id":"https:\/\/physiotherapie-hiller-hilliges.de\/wp\/#website","url":"https:\/\/physiotherapie-hiller-hilliges.de\/wp\/","name":"Physiotherapie und Ostepathie Hiller","description":"Praxis f\u00fcr Kinder","potentialAction":[{"@type":"SearchAction","target":{"@type":"EntryPoint","urlTemplate":"https:\/\/physiotherapie-hiller-hilliges.de\/wp\/?s={search_term_string}"},"query-input":{"@type":"PropertyValueSpecification","valueRequired":true,"valueName":"search_term_string"}}],"inLanguage":"de"}]}},"jetpack_sharing_enabled":true,"_links":{"self":[{"href":"https:\/\/physiotherapie-hiller-hilliges.de\/wp\/index.php?rest_route=\/wp\/v2\/pages\/39","targetHints":{"allow":["GET"]}}],"collection":[{"href":"https:\/\/physiotherapie-hiller-hilliges.de\/wp\/index.php?rest_route=\/wp\/v2\/pages"}],"about":[{"href":"https:\/\/physiotherapie-hiller-hilliges.de\/wp\/index.php?rest_route=\/wp\/v2\/types\/page"}],"author":[{"embeddable":true,"href":"https:\/\/physiotherapie-hiller-hilliges.de\/wp\/index.php?rest_route=\/wp\/v2\/users\/1"}],"replies":[{"embeddable":true,"href":"https:\/\/physiotherapie-hiller-hilliges.de\/wp\/index.php?rest_route=%2Fwp%2Fv2%2Fcomments&post=39"}],"version-history":[{"count":11,"href":"https:\/\/physiotherapie-hiller-hilliges.de\/wp\/index.php?rest_route=\/wp\/v2\/pages\/39\/revisions"}],"predecessor-version":[{"id":836,"href":"https:\/\/physiotherapie-hiller-hilliges.de\/wp\/index.php?rest_route=\/wp\/v2\/pages\/39\/revisions\/836"}],"up":[{"embeddable":true,"href":"https:\/\/physiotherapie-hiller-hilliges.de\/wp\/index.php?rest_route=\/wp\/v2\/pages\/34"}],"wp:attachment":[{"href":"https:\/\/physiotherapie-hiller-hilliges.de\/wp\/index.php?rest_route=%2Fwp%2Fv2%2Fmedia&parent=39"}],"curies":[{"name":"wp","href":"https:\/\/api.w.org\/{rel}","templated":true}]}}