{"id":58,"date":"2018-03-11T11:45:51","date_gmt":"2018-03-11T11:45:51","guid":{"rendered":"https:\/\/physiotherapie-hiller-hilliges.de\/?page_id=58"},"modified":"2018-03-11T13:18:20","modified_gmt":"2018-03-11T13:18:20","slug":"anfahrt","status":"publish","type":"page","link":"https:\/\/physiotherapie-hiller-hilliges.de\/wp\/?page_id=58","title":{"rendered":"Anfahrt"},"content":{"rendered":"<h3>Anfahrt mit dem Auto<\/h3>\n<h3><iframe loading=\"lazy\" src=\"https:\/\/maps.google.de\/maps?hl=de&amp;ie=UTF8&amp;q=physiotherapie+HILLER&amp;fb=1&amp;gl=de&amp;hq=physiotherapie+HILLER&amp;hnear=Stuttgart&amp;cid=0,0,49729110738009213&amp;ll=48.702078,9.313338&amp;spn=0.004957,0.00912&amp;z=16&amp;iwloc=A&amp;output=embed\" width=\"825\" height=\"550\" frameborder=\"0\" marginwidth=\"0\" marginheight=\"0\" scrolling=\"no\"><span style=\"display: inline-block; width: 0px; overflow: hidden; line-height: 0;\" data-mce-type=\"bookmark\" class=\"mce_SELRES_start\">\ufeff<\/span><\/iframe><br \/>\nParkpl\u00e4tze<\/h3>\n<p>Parkpl\u00e4tze befinden sich hinter der Praxis (Schurwaldstra\u00dfe).<\/p>\n<h3 id=\"h2\">Anfahrt mit dem Bus<\/h3>\n<p>Unsere Praxis l\u00e4sst sich auch bequem mit dem Bus erreichen. Die Bushaltestelle Esslinger Stra\u00dfe f\u00fcr die Buslinien 119 (Esslingen &#8211; Denkendorf) und 121 (Neuhausen &#8211; Denkendorf) ist 50 m Fu\u00dfweg entfernt.<br \/>\n\u00dcber die aktuellen Fahrpl\u00e4ne informieren Sie sich bitte bei der <a class=\"ext\" href=\"http:\/\/www.vvs.de?language=de\">VVS<\/a>.<\/p>\n","protected":false},"excerpt":{"rendered":"<p>Anfahrt mit dem Auto \ufeff Parkpl\u00e4tze Parkpl\u00e4tze befinden sich hinter der Praxis (Schurwaldstra\u00dfe). Anfahrt mit dem Bus Unsere Praxis l\u00e4sst sich auch bequem mit dem Bus erreichen. Die Bushaltestelle Esslinger Stra\u00dfe f\u00fcr die Buslinien 119 (Esslingen &#8211; Denkendorf) und 121 (Neuhausen &#8211; Denkendorf) ist 50 m Fu\u00dfweg entfernt. \u00dcber die aktuellen Fahrpl\u00e4ne informieren Sie sich &hellip; <a href=\"https:\/\/physiotherapie-hiller-hilliges.de\/wp\/?page_id=58\" class=\"more-link\"><span class=\"screen-reader-text\">\u201eAnfahrt\u201c <\/span>weiterlesen<\/a><\/p>\n","protected":false},"author":1,"featured_media":0,"parent":0,"menu_order":0,"comment_status":"closed","ping_status":"closed","template":"","meta":{"footnotes":""},"class_list":["post-58","page","type-page","status-publish","hentry"],"yoast_head":"<!-- This site is optimized with the Yoast SEO plugin v27.5 - https:\/\/yoast.com\/product\/yoast-seo-wordpress\/ -->\n<title>Anfahrt - Physiotherapie und Osteopathie Hiller Hilliges<\/title>\n<meta name=\"robots\" content=\"index, follow, max-snippet:-1, max-image-preview:large, max-video-preview:-1\" \/>\n<link rel=\"canonical\" href=\"https:\/\/physiotherapie-hiller-hilliges.de\/wp\/?page_id=58\" \/>\n<meta property=\"og:locale\" content=\"de_DE\" \/>\n<meta property=\"og:type\" content=\"article\" \/>\n<meta property=\"og:title\" content=\"Anfahrt - Physiotherapie und Osteopathie Hiller Hilliges\" \/>\n<meta property=\"og:description\" content=\"Anfahrt mit dem Auto \ufeff Parkpl\u00e4tze Parkpl\u00e4tze befinden sich hinter der Praxis (Schurwaldstra\u00dfe). Anfahrt mit dem Bus Unsere Praxis l\u00e4sst sich auch bequem mit dem Bus erreichen. Die Bushaltestelle Esslinger Stra\u00dfe f\u00fcr die Buslinien 119 (Esslingen &#8211; Denkendorf) und 121 (Neuhausen &#8211; Denkendorf) ist 50 m Fu\u00dfweg entfernt. \u00dcber die aktuellen Fahrpl\u00e4ne informieren Sie sich &hellip; \u201eAnfahrt\u201c weiterlesen\" \/>\n<meta property=\"og:url\" content=\"https:\/\/physiotherapie-hiller-hilliges.de\/wp\/?page_id=58\" \/>\n<meta property=\"og:site_name\" content=\"Physiotherapie und Osteopathie Hiller Hilliges\" \/>\n<meta property=\"article:modified_time\" content=\"2018-03-11T13:18:20+00:00\" \/>\n<meta name=\"twitter:card\" content=\"summary_large_image\" \/>\n<script type=\"application\/ld+json\" class=\"yoast-schema-graph\">{\"@context\":\"https:\\\/\\\/schema.org\",\"@graph\":[{\"@type\":\"WebPage\",\"@id\":\"https:\\\/\\\/physiotherapie-hiller-hilliges.de\\\/wp\\\/?page_id=58\",\"url\":\"https:\\\/\\\/physiotherapie-hiller-hilliges.de\\\/wp\\\/?page_id=58\",\"name\":\"Anfahrt - Physiotherapie und Osteopathie Hiller Hilliges\",\"isPartOf\":{\"@id\":\"https:\\\/\\\/physiotherapie-hiller-hilliges.de\\\/wp\\\/#website\"},\"datePublished\":\"2018-03-11T11:45:51+00:00\",\"dateModified\":\"2018-03-11T13:18:20+00:00\",\"breadcrumb\":{\"@id\":\"https:\\\/\\\/physiotherapie-hiller-hilliges.de\\\/wp\\\/?page_id=58#breadcrumb\"},\"inLanguage\":\"de\",\"potentialAction\":[{\"@type\":\"ReadAction\",\"target\":[\"https:\\\/\\\/physiotherapie-hiller-hilliges.de\\\/wp\\\/?page_id=58\"]}]},{\"@type\":\"BreadcrumbList\",\"@id\":\"https:\\\/\\\/physiotherapie-hiller-hilliges.de\\\/wp\\\/?page_id=58#breadcrumb\",\"itemListElement\":[{\"@type\":\"ListItem\",\"position\":1,\"name\":\"Home\",\"item\":\"https:\\\/\\\/physiotherapie-hiller-hilliges.de\\\/wp\\\/\"},{\"@type\":\"ListItem\",\"position\":2,\"name\":\"Anfahrt\"}]},{\"@type\":\"WebSite\",\"@id\":\"https:\\\/\\\/physiotherapie-hiller-hilliges.de\\\/wp\\\/#website\",\"url\":\"https:\\\/\\\/physiotherapie-hiller-hilliges.de\\\/wp\\\/\",\"name\":\"Physiotherapie und Ostepathie Hiller\",\"description\":\"Praxis f\u00fcr Kinder\",\"potentialAction\":[{\"@type\":\"SearchAction\",\"target\":{\"@type\":\"EntryPoint\",\"urlTemplate\":\"https:\\\/\\\/physiotherapie-hiller-hilliges.de\\\/wp\\\/?s={search_term_string}\"},\"query-input\":{\"@type\":\"PropertyValueSpecification\",\"valueRequired\":true,\"valueName\":\"search_term_string\"}}],\"inLanguage\":\"de\"}]}<\/script>\n<!-- \/ Yoast SEO plugin. -->","yoast_head_json":{"title":"Anfahrt - Physiotherapie und Osteopathie Hiller Hilliges","robots":{"index":"index","follow":"follow","max-snippet":"max-snippet:-1","max-image-preview":"max-image-preview:large","max-video-preview":"max-video-preview:-1"},"canonical":"https:\/\/physiotherapie-hiller-hilliges.de\/wp\/?page_id=58","og_locale":"de_DE","og_type":"article","og_title":"Anfahrt - Physiotherapie und Osteopathie Hiller Hilliges","og_description":"Anfahrt mit dem Auto \ufeff Parkpl\u00e4tze Parkpl\u00e4tze befinden sich hinter der Praxis (Schurwaldstra\u00dfe). Anfahrt mit dem Bus Unsere Praxis l\u00e4sst sich auch bequem mit dem Bus erreichen. Die Bushaltestelle Esslinger Stra\u00dfe f\u00fcr die Buslinien 119 (Esslingen &#8211; Denkendorf) und 121 (Neuhausen &#8211; Denkendorf) ist 50 m Fu\u00dfweg entfernt. \u00dcber die aktuellen Fahrpl\u00e4ne informieren Sie sich &hellip; \u201eAnfahrt\u201c weiterlesen","og_url":"https:\/\/physiotherapie-hiller-hilliges.de\/wp\/?page_id=58","og_site_name":"Physiotherapie und Osteopathie Hiller Hilliges","article_modified_time":"2018-03-11T13:18:20+00:00","twitter_card":"summary_large_image","schema":{"@context":"https:\/\/schema.org","@graph":[{"@type":"WebPage","@id":"https:\/\/physiotherapie-hiller-hilliges.de\/wp\/?page_id=58","url":"https:\/\/physiotherapie-hiller-hilliges.de\/wp\/?page_id=58","name":"Anfahrt - Physiotherapie und Osteopathie Hiller Hilliges","isPartOf":{"@id":"https:\/\/physiotherapie-hiller-hilliges.de\/wp\/#website"},"datePublished":"2018-03-11T11:45:51+00:00","dateModified":"2018-03-11T13:18:20+00:00","breadcrumb":{"@id":"https:\/\/physiotherapie-hiller-hilliges.de\/wp\/?page_id=58#breadcrumb"},"inLanguage":"de","potentialAction":[{"@type":"ReadAction","target":["https:\/\/physiotherapie-hiller-hilliges.de\/wp\/?page_id=58"]}]},{"@type":"BreadcrumbList","@id":"https:\/\/physiotherapie-hiller-hilliges.de\/wp\/?page_id=58#breadcrumb","itemListElement":[{"@type":"ListItem","position":1,"name":"Home","item":"https:\/\/physiotherapie-hiller-hilliges.de\/wp\/"},{"@type":"ListItem","position":2,"name":"Anfahrt"}]},{"@type":"WebSite","@id":"https:\/\/physiotherapie-hiller-hilliges.de\/wp\/#website","url":"https:\/\/physiotherapie-hiller-hilliges.de\/wp\/","name":"Physiotherapie und Ostepathie Hiller","description":"Praxis f\u00fcr Kinder","potentialAction":[{"@type":"SearchAction","target":{"@type":"EntryPoint","urlTemplate":"https:\/\/physiotherapie-hiller-hilliges.de\/wp\/?s={search_term_string}"},"query-input":{"@type":"PropertyValueSpecification","valueRequired":true,"valueName":"search_term_string"}}],"inLanguage":"de"}]}},"jetpack_sharing_enabled":true,"_links":{"self":[{"href":"https:\/\/physiotherapie-hiller-hilliges.de\/wp\/index.php?rest_route=\/wp\/v2\/pages\/58","targetHints":{"allow":["GET"]}}],"collection":[{"href":"https:\/\/physiotherapie-hiller-hilliges.de\/wp\/index.php?rest_route=\/wp\/v2\/pages"}],"about":[{"href":"https:\/\/physiotherapie-hiller-hilliges.de\/wp\/index.php?rest_route=\/wp\/v2\/types\/page"}],"author":[{"embeddable":true,"href":"https:\/\/physiotherapie-hiller-hilliges.de\/wp\/index.php?rest_route=\/wp\/v2\/users\/1"}],"replies":[{"embeddable":true,"href":"https:\/\/physiotherapie-hiller-hilliges.de\/wp\/index.php?rest_route=%2Fwp%2Fv2%2Fcomments&post=58"}],"version-history":[{"count":3,"href":"https:\/\/physiotherapie-hiller-hilliges.de\/wp\/index.php?rest_route=\/wp\/v2\/pages\/58\/revisions"}],"predecessor-version":[{"id":147,"href":"https:\/\/physiotherapie-hiller-hilliges.de\/wp\/index.php?rest_route=\/wp\/v2\/pages\/58\/revisions\/147"}],"wp:attachment":[{"href":"https:\/\/physiotherapie-hiller-hilliges.de\/wp\/index.php?rest_route=%2Fwp%2Fv2%2Fmedia&parent=58"}],"curies":[{"name":"wp","href":"https:\/\/api.w.org\/{rel}","templated":true}]}}