{"id":68,"date":"2018-03-11T11:56:20","date_gmt":"2018-03-11T11:56:20","guid":{"rendered":"https:\/\/physiotherapie-hiller-hilliges.de\/?page_id=68"},"modified":"2018-03-11T12:38:40","modified_gmt":"2018-03-11T12:38:40","slug":"kooperation","status":"publish","type":"page","link":"https:\/\/physiotherapie-hiller-hilliges.de\/wp\/?page_id=68","title":{"rendered":"Kooperation"},"content":{"rendered":"<h3>Naturheilpraxis Kjersti Hiller<\/h3>\n<p>Wenn Sie direkt &#8211; ohne ein Rezept vom Arzt &#8211; einen Termin bei uns vereinbaren wollen, k\u00f6nnen Sie die Behandlung auch als Heilpraktikerleistung in Anspruch nehmen.<\/p>\n<p>Wir rechnen die f\u00fcr Sie entstehenden Behandlungskosten in Anlehnung an die Geb\u00fchrenordnung f\u00fcr Heilpraktiker (Geb\u00fcH 1985) ab.<\/p>\n<p>Private Krankenversicherungen \u00fcbernehmen die Kosten in Abh\u00e4ngigheit des vom Patienten gew\u00e4hlten Tarifes in der Mehrheit der F\u00e4lle. Gesetzliche Krankenversicherungen tragen die Behandlung im Regelfall leider nicht. Seit Anfang 2012 beteiligen sich aber auch immer mehr gesetzliche Krankenkassen an den Kosten einer osteopathischen Behandlung. Wenden Sie sich diesbez\u00fcglich bitte direkt an Ihre Krankenkasse.<\/p>\n<p>F\u00fcr eine vollst\u00e4ndige \u00dcbernahme der Kosten auch f\u00fcr beihilfeberechtigte Patienten bieten private Anbieter zudem eine entprechende Zusatzversicherung an.<\/p>\n<p>Unabh\u00e4ngig davon besteht h\u00e4ufig die M\u00f6glichkeit, die Behandlungskosten steuerlich geltend zu machen. Fragen Sie bitte Ihren Steuerberater.<\/p>\n<p>Unser erweitertes Angebot zur Naturheilkunde f\u00fcr Kinder und deren Familien finden Sie unter <a class=\"ext\" href=\"http:\/\/www.heilpraktikerin-hiller.de\" target=\"_blank\" rel=\"noopener\">www.heilpraktikerin-hiller.de<\/a><\/p>\n","protected":false},"excerpt":{"rendered":"<p>Naturheilpraxis Kjersti Hiller Wenn Sie direkt &#8211; ohne ein Rezept vom Arzt &#8211; einen Termin bei uns vereinbaren wollen, k\u00f6nnen Sie die Behandlung auch als Heilpraktikerleistung in Anspruch nehmen. Wir rechnen die f\u00fcr Sie entstehenden Behandlungskosten in Anlehnung an die Geb\u00fchrenordnung f\u00fcr Heilpraktiker (Geb\u00fcH 1985) ab. Private Krankenversicherungen \u00fcbernehmen die Kosten in Abh\u00e4ngigheit des vom &hellip; <a href=\"https:\/\/physiotherapie-hiller-hilliges.de\/wp\/?page_id=68\" class=\"more-link\"><span class=\"screen-reader-text\">\u201eKooperation\u201c <\/span>weiterlesen<\/a><\/p>\n","protected":false},"author":1,"featured_media":0,"parent":7,"menu_order":3,"comment_status":"closed","ping_status":"closed","template":"","meta":{"footnotes":""},"class_list":["post-68","page","type-page","status-publish","hentry"],"yoast_head":"<!-- This site is optimized with the Yoast SEO plugin v27.5 - https:\/\/yoast.com\/product\/yoast-seo-wordpress\/ -->\n<title>Kooperation - Physiotherapie und Osteopathie Hiller Hilliges<\/title>\n<meta name=\"robots\" content=\"index, follow, max-snippet:-1, max-image-preview:large, max-video-preview:-1\" \/>\n<link rel=\"canonical\" href=\"https:\/\/physiotherapie-hiller-hilliges.de\/wp\/?page_id=68\" \/>\n<meta property=\"og:locale\" content=\"de_DE\" \/>\n<meta property=\"og:type\" content=\"article\" \/>\n<meta property=\"og:title\" content=\"Kooperation - Physiotherapie und Osteopathie Hiller Hilliges\" \/>\n<meta property=\"og:description\" content=\"Naturheilpraxis Kjersti Hiller Wenn Sie direkt &#8211; ohne ein Rezept vom Arzt &#8211; einen Termin bei uns vereinbaren wollen, k\u00f6nnen Sie die Behandlung auch als Heilpraktikerleistung in Anspruch nehmen. Wir rechnen die f\u00fcr Sie entstehenden Behandlungskosten in Anlehnung an die Geb\u00fchrenordnung f\u00fcr Heilpraktiker (Geb\u00fcH 1985) ab. Private Krankenversicherungen \u00fcbernehmen die Kosten in Abh\u00e4ngigheit des vom &hellip; \u201eKooperation\u201c weiterlesen\" \/>\n<meta property=\"og:url\" content=\"https:\/\/physiotherapie-hiller-hilliges.de\/wp\/?page_id=68\" \/>\n<meta property=\"og:site_name\" content=\"Physiotherapie und Osteopathie Hiller Hilliges\" \/>\n<meta property=\"article:modified_time\" content=\"2018-03-11T12:38:40+00:00\" \/>\n<meta name=\"twitter:card\" content=\"summary_large_image\" \/>\n<meta name=\"twitter:label1\" content=\"Gesch\u00e4tzte Lesezeit\" \/>\n\t<meta name=\"twitter:data1\" content=\"1\u00a0Minute\" \/>\n<script type=\"application\/ld+json\" class=\"yoast-schema-graph\">{\"@context\":\"https:\\\/\\\/schema.org\",\"@graph\":[{\"@type\":\"WebPage\",\"@id\":\"https:\\\/\\\/physiotherapie-hiller-hilliges.de\\\/wp\\\/?page_id=68\",\"url\":\"https:\\\/\\\/physiotherapie-hiller-hilliges.de\\\/wp\\\/?page_id=68\",\"name\":\"Kooperation - Physiotherapie und Osteopathie Hiller Hilliges\",\"isPartOf\":{\"@id\":\"https:\\\/\\\/physiotherapie-hiller-hilliges.de\\\/wp\\\/#website\"},\"datePublished\":\"2018-03-11T11:56:20+00:00\",\"dateModified\":\"2018-03-11T12:38:40+00:00\",\"breadcrumb\":{\"@id\":\"https:\\\/\\\/physiotherapie-hiller-hilliges.de\\\/wp\\\/?page_id=68#breadcrumb\"},\"inLanguage\":\"de\",\"potentialAction\":[{\"@type\":\"ReadAction\",\"target\":[\"https:\\\/\\\/physiotherapie-hiller-hilliges.de\\\/wp\\\/?page_id=68\"]}]},{\"@type\":\"BreadcrumbList\",\"@id\":\"https:\\\/\\\/physiotherapie-hiller-hilliges.de\\\/wp\\\/?page_id=68#breadcrumb\",\"itemListElement\":[{\"@type\":\"ListItem\",\"position\":1,\"name\":\"Home\",\"item\":\"https:\\\/\\\/physiotherapie-hiller-hilliges.de\\\/wp\\\/\"},{\"@type\":\"ListItem\",\"position\":2,\"name\":\"Kooperation\"}]},{\"@type\":\"WebSite\",\"@id\":\"https:\\\/\\\/physiotherapie-hiller-hilliges.de\\\/wp\\\/#website\",\"url\":\"https:\\\/\\\/physiotherapie-hiller-hilliges.de\\\/wp\\\/\",\"name\":\"Physiotherapie und Ostepathie Hiller\",\"description\":\"Praxis f\u00fcr Kinder\",\"potentialAction\":[{\"@type\":\"SearchAction\",\"target\":{\"@type\":\"EntryPoint\",\"urlTemplate\":\"https:\\\/\\\/physiotherapie-hiller-hilliges.de\\\/wp\\\/?s={search_term_string}\"},\"query-input\":{\"@type\":\"PropertyValueSpecification\",\"valueRequired\":true,\"valueName\":\"search_term_string\"}}],\"inLanguage\":\"de\"}]}<\/script>\n<!-- \/ Yoast SEO plugin. -->","yoast_head_json":{"title":"Kooperation - Physiotherapie und Osteopathie Hiller Hilliges","robots":{"index":"index","follow":"follow","max-snippet":"max-snippet:-1","max-image-preview":"max-image-preview:large","max-video-preview":"max-video-preview:-1"},"canonical":"https:\/\/physiotherapie-hiller-hilliges.de\/wp\/?page_id=68","og_locale":"de_DE","og_type":"article","og_title":"Kooperation - Physiotherapie und Osteopathie Hiller Hilliges","og_description":"Naturheilpraxis Kjersti Hiller Wenn Sie direkt &#8211; ohne ein Rezept vom Arzt &#8211; einen Termin bei uns vereinbaren wollen, k\u00f6nnen Sie die Behandlung auch als Heilpraktikerleistung in Anspruch nehmen. Wir rechnen die f\u00fcr Sie entstehenden Behandlungskosten in Anlehnung an die Geb\u00fchrenordnung f\u00fcr Heilpraktiker (Geb\u00fcH 1985) ab. Private Krankenversicherungen \u00fcbernehmen die Kosten in Abh\u00e4ngigheit des vom &hellip; \u201eKooperation\u201c weiterlesen","og_url":"https:\/\/physiotherapie-hiller-hilliges.de\/wp\/?page_id=68","og_site_name":"Physiotherapie und Osteopathie Hiller Hilliges","article_modified_time":"2018-03-11T12:38:40+00:00","twitter_card":"summary_large_image","twitter_misc":{"Gesch\u00e4tzte Lesezeit":"1\u00a0Minute"},"schema":{"@context":"https:\/\/schema.org","@graph":[{"@type":"WebPage","@id":"https:\/\/physiotherapie-hiller-hilliges.de\/wp\/?page_id=68","url":"https:\/\/physiotherapie-hiller-hilliges.de\/wp\/?page_id=68","name":"Kooperation - Physiotherapie und Osteopathie Hiller Hilliges","isPartOf":{"@id":"https:\/\/physiotherapie-hiller-hilliges.de\/wp\/#website"},"datePublished":"2018-03-11T11:56:20+00:00","dateModified":"2018-03-11T12:38:40+00:00","breadcrumb":{"@id":"https:\/\/physiotherapie-hiller-hilliges.de\/wp\/?page_id=68#breadcrumb"},"inLanguage":"de","potentialAction":[{"@type":"ReadAction","target":["https:\/\/physiotherapie-hiller-hilliges.de\/wp\/?page_id=68"]}]},{"@type":"BreadcrumbList","@id":"https:\/\/physiotherapie-hiller-hilliges.de\/wp\/?page_id=68#breadcrumb","itemListElement":[{"@type":"ListItem","position":1,"name":"Home","item":"https:\/\/physiotherapie-hiller-hilliges.de\/wp\/"},{"@type":"ListItem","position":2,"name":"Kooperation"}]},{"@type":"WebSite","@id":"https:\/\/physiotherapie-hiller-hilliges.de\/wp\/#website","url":"https:\/\/physiotherapie-hiller-hilliges.de\/wp\/","name":"Physiotherapie und Ostepathie Hiller","description":"Praxis f\u00fcr Kinder","potentialAction":[{"@type":"SearchAction","target":{"@type":"EntryPoint","urlTemplate":"https:\/\/physiotherapie-hiller-hilliges.de\/wp\/?s={search_term_string}"},"query-input":{"@type":"PropertyValueSpecification","valueRequired":true,"valueName":"search_term_string"}}],"inLanguage":"de"}]}},"jetpack_sharing_enabled":true,"_links":{"self":[{"href":"https:\/\/physiotherapie-hiller-hilliges.de\/wp\/index.php?rest_route=\/wp\/v2\/pages\/68","targetHints":{"allow":["GET"]}}],"collection":[{"href":"https:\/\/physiotherapie-hiller-hilliges.de\/wp\/index.php?rest_route=\/wp\/v2\/pages"}],"about":[{"href":"https:\/\/physiotherapie-hiller-hilliges.de\/wp\/index.php?rest_route=\/wp\/v2\/types\/page"}],"author":[{"embeddable":true,"href":"https:\/\/physiotherapie-hiller-hilliges.de\/wp\/index.php?rest_route=\/wp\/v2\/users\/1"}],"replies":[{"embeddable":true,"href":"https:\/\/physiotherapie-hiller-hilliges.de\/wp\/index.php?rest_route=%2Fwp%2Fv2%2Fcomments&post=68"}],"version-history":[{"count":1,"href":"https:\/\/physiotherapie-hiller-hilliges.de\/wp\/index.php?rest_route=\/wp\/v2\/pages\/68\/revisions"}],"predecessor-version":[{"id":69,"href":"https:\/\/physiotherapie-hiller-hilliges.de\/wp\/index.php?rest_route=\/wp\/v2\/pages\/68\/revisions\/69"}],"up":[{"embeddable":true,"href":"https:\/\/physiotherapie-hiller-hilliges.de\/wp\/index.php?rest_route=\/wp\/v2\/pages\/7"}],"wp:attachment":[{"href":"https:\/\/physiotherapie-hiller-hilliges.de\/wp\/index.php?rest_route=%2Fwp%2Fv2%2Fmedia&parent=68"}],"curies":[{"name":"wp","href":"https:\/\/api.w.org\/{rel}","templated":true}]}}