{"id":7,"date":"2018-03-11T10:54:53","date_gmt":"2018-03-11T10:54:53","guid":{"rendered":"https:\/\/physiotherapie-hiller-hilliges.de\/?page_id=7"},"modified":"2023-04-16T14:41:48","modified_gmt":"2023-04-16T12:41:48","slug":"startseite","status":"publish","type":"page","link":"https:\/\/physiotherapie-hiller-hilliges.de\/wp\/","title":{"rendered":""},"content":{"rendered":"<p>Wir begleiten Sie und Ihr Kind bei Bedarf und wenn Sie es w\u00fcnschen vom ersten Tag seines Lebens bis ins Erwachsenenalter.<\/p>\n<p>Wir m\u00f6chten Ihr Kind in seiner ihm eigenen Entwicklung f\u00f6rdern und unterst\u00fctzen und Ihnen als Eltern zur Seite stehen.<\/p>\n<p>Wir behandeln S\u00e4uglinge, Kinder und Jugendliche mit Defiziten aus allen Bereichen der Neurologie, Orthop\u00e4die, Chirurgie und der Inneren Medizin.<\/p>\n<p>Dabei halten wir gerne, in Absprache mit Ihnen, Kontakt zu den behandelnden \u00c4rzten und anderen am Entwicklungsprozess Ihres Kindes beteiligten Therapeuten und P\u00e4dagogen.<\/p>\n<p>Unsere Praxis wurde 1975 von Inger Hilliges gegr\u00fcndet und durch Kjersti Hiller und Monika Jongmans zu einer Praxisgemeinschaft erweitert. Die Praxis besteht inzwischen aus 11 qualifizierten Kindertherapeuten und 3 Mitarbeiterinnen, die am Empfang t\u00e4tig sind und uns den R\u00fccken f\u00fcr die Arbeit mit unseren Patienten frei halten.<\/p>\n","protected":false},"excerpt":{"rendered":"<p>Wir begleiten Sie und Ihr Kind bei Bedarf und wenn Sie es w\u00fcnschen vom ersten Tag seines Lebens bis ins Erwachsenenalter. Wir m\u00f6chten Ihr Kind in seiner ihm eigenen Entwicklung f\u00f6rdern und unterst\u00fctzen und Ihnen als Eltern zur Seite stehen. Wir behandeln S\u00e4uglinge, Kinder und Jugendliche mit Defiziten aus allen Bereichen der Neurologie, Orthop\u00e4die, Chirurgie &hellip; <a href=\"https:\/\/physiotherapie-hiller-hilliges.de\/wp\/\" class=\"more-link\"><span class=\"screen-reader-text\">\u201e\u201c <\/span>weiterlesen<\/a><\/p>\n","protected":false},"author":1,"featured_media":0,"parent":0,"menu_order":0,"comment_status":"closed","ping_status":"closed","template":"","meta":{"footnotes":""},"class_list":["post-7","page","type-page","status-publish","hentry"],"yoast_head":"<!-- This site is optimized with the Yoast SEO plugin v27.5 - https:\/\/yoast.com\/product\/yoast-seo-wordpress\/ -->\n<title>- Physiotherapie und Osteopathie Hiller Hilliges<\/title>\n<meta name=\"robots\" content=\"index, follow, max-snippet:-1, max-image-preview:large, max-video-preview:-1\" \/>\n<link rel=\"canonical\" href=\"https:\/\/physiotherapie-hiller-hilliges.de\/wp\/\" \/>\n<meta property=\"og:locale\" content=\"de_DE\" \/>\n<meta property=\"og:type\" content=\"article\" \/>\n<meta property=\"og:title\" content=\"- Physiotherapie und Osteopathie Hiller Hilliges\" \/>\n<meta property=\"og:description\" content=\"Wir begleiten Sie und Ihr Kind bei Bedarf und wenn Sie es w\u00fcnschen vom ersten Tag seines Lebens bis ins Erwachsenenalter. Wir m\u00f6chten Ihr Kind in seiner ihm eigenen Entwicklung f\u00f6rdern und unterst\u00fctzen und Ihnen als Eltern zur Seite stehen. Wir behandeln S\u00e4uglinge, Kinder und Jugendliche mit Defiziten aus allen Bereichen der Neurologie, Orthop\u00e4die, Chirurgie &hellip; \u201e\u201c weiterlesen\" \/>\n<meta property=\"og:url\" content=\"https:\/\/physiotherapie-hiller-hilliges.de\/wp\/\" \/>\n<meta property=\"og:site_name\" content=\"Physiotherapie und Osteopathie Hiller Hilliges\" \/>\n<meta property=\"article:modified_time\" content=\"2023-04-16T12:41:48+00:00\" \/>\n<meta name=\"twitter:card\" content=\"summary_large_image\" \/>\n<meta name=\"twitter:label1\" content=\"Gesch\u00e4tzte Lesezeit\" \/>\n\t<meta name=\"twitter:data1\" content=\"1\u00a0Minute\" \/>\n<script type=\"application\/ld+json\" class=\"yoast-schema-graph\">{\"@context\":\"https:\\\/\\\/schema.org\",\"@graph\":[{\"@type\":\"WebPage\",\"@id\":\"https:\\\/\\\/physiotherapie-hiller-hilliges.de\\\/wp\\\/\",\"url\":\"https:\\\/\\\/physiotherapie-hiller-hilliges.de\\\/wp\\\/\",\"name\":\"- Physiotherapie und Osteopathie Hiller Hilliges\",\"isPartOf\":{\"@id\":\"https:\\\/\\\/physiotherapie-hiller-hilliges.de\\\/wp\\\/#website\"},\"datePublished\":\"2018-03-11T10:54:53+00:00\",\"dateModified\":\"2023-04-16T12:41:48+00:00\",\"inLanguage\":\"de\",\"potentialAction\":[{\"@type\":\"ReadAction\",\"target\":[\"https:\\\/\\\/physiotherapie-hiller-hilliges.de\\\/wp\\\/\"]}]},{\"@type\":\"WebSite\",\"@id\":\"https:\\\/\\\/physiotherapie-hiller-hilliges.de\\\/wp\\\/#website\",\"url\":\"https:\\\/\\\/physiotherapie-hiller-hilliges.de\\\/wp\\\/\",\"name\":\"Physiotherapie und Ostepathie Hiller\",\"description\":\"Praxis f\u00fcr Kinder\",\"potentialAction\":[{\"@type\":\"SearchAction\",\"target\":{\"@type\":\"EntryPoint\",\"urlTemplate\":\"https:\\\/\\\/physiotherapie-hiller-hilliges.de\\\/wp\\\/?s={search_term_string}\"},\"query-input\":{\"@type\":\"PropertyValueSpecification\",\"valueRequired\":true,\"valueName\":\"search_term_string\"}}],\"inLanguage\":\"de\"}]}<\/script>\n<!-- \/ Yoast SEO plugin. -->","yoast_head_json":{"title":"- Physiotherapie und Osteopathie Hiller Hilliges","robots":{"index":"index","follow":"follow","max-snippet":"max-snippet:-1","max-image-preview":"max-image-preview:large","max-video-preview":"max-video-preview:-1"},"canonical":"https:\/\/physiotherapie-hiller-hilliges.de\/wp\/","og_locale":"de_DE","og_type":"article","og_title":"- Physiotherapie und Osteopathie Hiller Hilliges","og_description":"Wir begleiten Sie und Ihr Kind bei Bedarf und wenn Sie es w\u00fcnschen vom ersten Tag seines Lebens bis ins Erwachsenenalter. Wir m\u00f6chten Ihr Kind in seiner ihm eigenen Entwicklung f\u00f6rdern und unterst\u00fctzen und Ihnen als Eltern zur Seite stehen. Wir behandeln S\u00e4uglinge, Kinder und Jugendliche mit Defiziten aus allen Bereichen der Neurologie, Orthop\u00e4die, Chirurgie &hellip; \u201e\u201c weiterlesen","og_url":"https:\/\/physiotherapie-hiller-hilliges.de\/wp\/","og_site_name":"Physiotherapie und Osteopathie Hiller Hilliges","article_modified_time":"2023-04-16T12:41:48+00:00","twitter_card":"summary_large_image","twitter_misc":{"Gesch\u00e4tzte Lesezeit":"1\u00a0Minute"},"schema":{"@context":"https:\/\/schema.org","@graph":[{"@type":"WebPage","@id":"https:\/\/physiotherapie-hiller-hilliges.de\/wp\/","url":"https:\/\/physiotherapie-hiller-hilliges.de\/wp\/","name":"- Physiotherapie und Osteopathie Hiller Hilliges","isPartOf":{"@id":"https:\/\/physiotherapie-hiller-hilliges.de\/wp\/#website"},"datePublished":"2018-03-11T10:54:53+00:00","dateModified":"2023-04-16T12:41:48+00:00","inLanguage":"de","potentialAction":[{"@type":"ReadAction","target":["https:\/\/physiotherapie-hiller-hilliges.de\/wp\/"]}]},{"@type":"WebSite","@id":"https:\/\/physiotherapie-hiller-hilliges.de\/wp\/#website","url":"https:\/\/physiotherapie-hiller-hilliges.de\/wp\/","name":"Physiotherapie und Ostepathie Hiller","description":"Praxis f\u00fcr Kinder","potentialAction":[{"@type":"SearchAction","target":{"@type":"EntryPoint","urlTemplate":"https:\/\/physiotherapie-hiller-hilliges.de\/wp\/?s={search_term_string}"},"query-input":{"@type":"PropertyValueSpecification","valueRequired":true,"valueName":"search_term_string"}}],"inLanguage":"de"}]}},"jetpack_sharing_enabled":true,"_links":{"self":[{"href":"https:\/\/physiotherapie-hiller-hilliges.de\/wp\/index.php?rest_route=\/wp\/v2\/pages\/7","targetHints":{"allow":["GET"]}}],"collection":[{"href":"https:\/\/physiotherapie-hiller-hilliges.de\/wp\/index.php?rest_route=\/wp\/v2\/pages"}],"about":[{"href":"https:\/\/physiotherapie-hiller-hilliges.de\/wp\/index.php?rest_route=\/wp\/v2\/types\/page"}],"author":[{"embeddable":true,"href":"https:\/\/physiotherapie-hiller-hilliges.de\/wp\/index.php?rest_route=\/wp\/v2\/users\/1"}],"replies":[{"embeddable":true,"href":"https:\/\/physiotherapie-hiller-hilliges.de\/wp\/index.php?rest_route=%2Fwp%2Fv2%2Fcomments&post=7"}],"version-history":[{"count":16,"href":"https:\/\/physiotherapie-hiller-hilliges.de\/wp\/index.php?rest_route=\/wp\/v2\/pages\/7\/revisions"}],"predecessor-version":[{"id":861,"href":"https:\/\/physiotherapie-hiller-hilliges.de\/wp\/index.php?rest_route=\/wp\/v2\/pages\/7\/revisions\/861"}],"wp:attachment":[{"href":"https:\/\/physiotherapie-hiller-hilliges.de\/wp\/index.php?rest_route=%2Fwp%2Fv2%2Fmedia&parent=7"}],"curies":[{"name":"wp","href":"https:\/\/api.w.org\/{rel}","templated":true}]}}