{"id":70,"date":"2018-03-11T11:57:25","date_gmt":"2018-03-11T11:57:25","guid":{"rendered":"https:\/\/physiotherapie-hiller-hilliges.de\/?page_id=70"},"modified":"2019-12-23T15:00:15","modified_gmt":"2019-12-23T15:00:15","slug":"raeumlichkeiten","status":"publish","type":"page","link":"https:\/\/physiotherapie-hiller-hilliges.de\/wp\/?page_id=70","title":{"rendered":"R\u00e4umlichkeiten"},"content":{"rendered":"<p><img loading=\"lazy\" decoding=\"async\" class=\"alignnone wp-image-661 size-large\" src=\"https:\/\/physiotherapie-hiller-hilliges.de\/wp\/wp-content\/uploads\/2019\/01\/Raum-1_small-1024x672.jpg\" alt=\"\" width=\"840\" height=\"551\" srcset=\"https:\/\/physiotherapie-hiller-hilliges.de\/wp\/wp-content\/uploads\/2019\/01\/Raum-1_small-1024x672.jpg 1024w, https:\/\/physiotherapie-hiller-hilliges.de\/wp\/wp-content\/uploads\/2019\/01\/Raum-1_small-300x197.jpg 300w, https:\/\/physiotherapie-hiller-hilliges.de\/wp\/wp-content\/uploads\/2019\/01\/Raum-1_small-768x504.jpg 768w, https:\/\/physiotherapie-hiller-hilliges.de\/wp\/wp-content\/uploads\/2019\/01\/Raum-1_small-1200x788.jpg 1200w, https:\/\/physiotherapie-hiller-hilliges.de\/wp\/wp-content\/uploads\/2019\/01\/Raum-1_small.jpg 1296w\" sizes=\"auto, (max-width: 709px) 85vw, (max-width: 909px) 67vw, (max-width: 1362px) 62vw, 840px\" \/><\/p>\n<p><img loading=\"lazy\" decoding=\"async\" class=\"alignnone wp-image-665 size-large\" src=\"https:\/\/physiotherapie-hiller-hilliges.de\/wp\/wp-content\/uploads\/2019\/01\/Raum-2_small-1024x702.jpg\" alt=\"\" width=\"840\" height=\"576\" srcset=\"https:\/\/physiotherapie-hiller-hilliges.de\/wp\/wp-content\/uploads\/2019\/01\/Raum-2_small-1024x702.jpg 1024w, https:\/\/physiotherapie-hiller-hilliges.de\/wp\/wp-content\/uploads\/2019\/01\/Raum-2_small-300x206.jpg 300w, https:\/\/physiotherapie-hiller-hilliges.de\/wp\/wp-content\/uploads\/2019\/01\/Raum-2_small-768x526.jpg 768w, https:\/\/physiotherapie-hiller-hilliges.de\/wp\/wp-content\/uploads\/2019\/01\/Raum-2_small-1200x822.jpg 1200w, https:\/\/physiotherapie-hiller-hilliges.de\/wp\/wp-content\/uploads\/2019\/01\/Raum-2_small.jpg 1255w\" sizes=\"auto, (max-width: 709px) 85vw, (max-width: 909px) 67vw, (max-width: 1362px) 62vw, 840px\" \/><\/p>\n<p>Unser gro\u00dfer Therapie- und Psychomotorikraum<\/p>\n<p>Des Weiteren verf\u00fcgt die Praxis \u00fcber vier weitere Behandlungsr\u00e4ume, die jeweils mit einer gro\u00dfen Therapieliege ausgestattet sind.<\/p>\n<p>Die Praxis sowie alle Behandlungsr\u00e4ume sind barrierefrei zug\u00e4nglich.<\/p>\n","protected":false},"excerpt":{"rendered":"<p>Unser gro\u00dfer Therapie- und Psychomotorikraum Des Weiteren verf\u00fcgt die Praxis \u00fcber vier weitere Behandlungsr\u00e4ume, die jeweils mit einer gro\u00dfen Therapieliege ausgestattet sind. Die Praxis sowie alle Behandlungsr\u00e4ume sind barrierefrei zug\u00e4nglich.<\/p>\n","protected":false},"author":1,"featured_media":0,"parent":7,"menu_order":2,"comment_status":"closed","ping_status":"closed","template":"","meta":{"footnotes":""},"class_list":["post-70","page","type-page","status-publish","hentry"],"yoast_head":"<!-- This site is optimized with the Yoast SEO plugin v27.5 - https:\/\/yoast.com\/product\/yoast-seo-wordpress\/ -->\n<title>R\u00e4umlichkeiten - Physiotherapie und Osteopathie Hiller Hilliges<\/title>\n<meta name=\"robots\" content=\"index, follow, max-snippet:-1, max-image-preview:large, max-video-preview:-1\" \/>\n<link rel=\"canonical\" href=\"https:\/\/physiotherapie-hiller-hilliges.de\/wp\/?page_id=70\" \/>\n<meta property=\"og:locale\" content=\"de_DE\" \/>\n<meta property=\"og:type\" content=\"article\" \/>\n<meta property=\"og:title\" content=\"R\u00e4umlichkeiten - Physiotherapie und Osteopathie Hiller Hilliges\" \/>\n<meta property=\"og:description\" content=\"Unser gro\u00dfer Therapie- und Psychomotorikraum Des Weiteren verf\u00fcgt die Praxis \u00fcber vier weitere Behandlungsr\u00e4ume, die jeweils mit einer gro\u00dfen Therapieliege ausgestattet sind. Die Praxis sowie alle Behandlungsr\u00e4ume sind barrierefrei zug\u00e4nglich.\" \/>\n<meta property=\"og:url\" content=\"https:\/\/physiotherapie-hiller-hilliges.de\/wp\/?page_id=70\" \/>\n<meta property=\"og:site_name\" content=\"Physiotherapie und Osteopathie Hiller Hilliges\" \/>\n<meta property=\"article:modified_time\" content=\"2019-12-23T15:00:15+00:00\" \/>\n<meta property=\"og:image\" content=\"https:\/\/physiotherapie-hiller-hilliges.de\/wp\/wp-content\/uploads\/2019\/01\/Raum-1_small-1024x672.jpg\" \/>\n<meta name=\"twitter:card\" content=\"summary_large_image\" \/>\n<script type=\"application\/ld+json\" class=\"yoast-schema-graph\">{\"@context\":\"https:\\\/\\\/schema.org\",\"@graph\":[{\"@type\":\"WebPage\",\"@id\":\"https:\\\/\\\/physiotherapie-hiller-hilliges.de\\\/wp\\\/?page_id=70\",\"url\":\"https:\\\/\\\/physiotherapie-hiller-hilliges.de\\\/wp\\\/?page_id=70\",\"name\":\"R\u00e4umlichkeiten - Physiotherapie und Osteopathie Hiller Hilliges\",\"isPartOf\":{\"@id\":\"https:\\\/\\\/physiotherapie-hiller-hilliges.de\\\/wp\\\/#website\"},\"primaryImageOfPage\":{\"@id\":\"https:\\\/\\\/physiotherapie-hiller-hilliges.de\\\/wp\\\/?page_id=70#primaryimage\"},\"image\":{\"@id\":\"https:\\\/\\\/physiotherapie-hiller-hilliges.de\\\/wp\\\/?page_id=70#primaryimage\"},\"thumbnailUrl\":\"https:\\\/\\\/physiotherapie-hiller-hilliges.de\\\/wp\\\/wp-content\\\/uploads\\\/2019\\\/01\\\/Raum-1_small-1024x672.jpg\",\"datePublished\":\"2018-03-11T11:57:25+00:00\",\"dateModified\":\"2019-12-23T15:00:15+00:00\",\"breadcrumb\":{\"@id\":\"https:\\\/\\\/physiotherapie-hiller-hilliges.de\\\/wp\\\/?page_id=70#breadcrumb\"},\"inLanguage\":\"de\",\"potentialAction\":[{\"@type\":\"ReadAction\",\"target\":[\"https:\\\/\\\/physiotherapie-hiller-hilliges.de\\\/wp\\\/?page_id=70\"]}]},{\"@type\":\"ImageObject\",\"inLanguage\":\"de\",\"@id\":\"https:\\\/\\\/physiotherapie-hiller-hilliges.de\\\/wp\\\/?page_id=70#primaryimage\",\"url\":\"https:\\\/\\\/physiotherapie-hiller-hilliges.de\\\/wp\\\/wp-content\\\/uploads\\\/2019\\\/01\\\/Raum-1_small.jpg\",\"contentUrl\":\"https:\\\/\\\/physiotherapie-hiller-hilliges.de\\\/wp\\\/wp-content\\\/uploads\\\/2019\\\/01\\\/Raum-1_small.jpg\",\"width\":1296,\"height\":851},{\"@type\":\"BreadcrumbList\",\"@id\":\"https:\\\/\\\/physiotherapie-hiller-hilliges.de\\\/wp\\\/?page_id=70#breadcrumb\",\"itemListElement\":[{\"@type\":\"ListItem\",\"position\":1,\"name\":\"Home\",\"item\":\"https:\\\/\\\/physiotherapie-hiller-hilliges.de\\\/wp\\\/\"},{\"@type\":\"ListItem\",\"position\":2,\"name\":\"R\u00e4umlichkeiten\"}]},{\"@type\":\"WebSite\",\"@id\":\"https:\\\/\\\/physiotherapie-hiller-hilliges.de\\\/wp\\\/#website\",\"url\":\"https:\\\/\\\/physiotherapie-hiller-hilliges.de\\\/wp\\\/\",\"name\":\"Physiotherapie und Ostepathie Hiller\",\"description\":\"Praxis f\u00fcr Kinder\",\"potentialAction\":[{\"@type\":\"SearchAction\",\"target\":{\"@type\":\"EntryPoint\",\"urlTemplate\":\"https:\\\/\\\/physiotherapie-hiller-hilliges.de\\\/wp\\\/?s={search_term_string}\"},\"query-input\":{\"@type\":\"PropertyValueSpecification\",\"valueRequired\":true,\"valueName\":\"search_term_string\"}}],\"inLanguage\":\"de\"}]}<\/script>\n<!-- \/ Yoast SEO plugin. -->","yoast_head_json":{"title":"R\u00e4umlichkeiten - Physiotherapie und Osteopathie Hiller Hilliges","robots":{"index":"index","follow":"follow","max-snippet":"max-snippet:-1","max-image-preview":"max-image-preview:large","max-video-preview":"max-video-preview:-1"},"canonical":"https:\/\/physiotherapie-hiller-hilliges.de\/wp\/?page_id=70","og_locale":"de_DE","og_type":"article","og_title":"R\u00e4umlichkeiten - Physiotherapie und Osteopathie Hiller Hilliges","og_description":"Unser gro\u00dfer Therapie- und Psychomotorikraum Des Weiteren verf\u00fcgt die Praxis \u00fcber vier weitere Behandlungsr\u00e4ume, die jeweils mit einer gro\u00dfen Therapieliege ausgestattet sind. Die Praxis sowie alle Behandlungsr\u00e4ume sind barrierefrei zug\u00e4nglich.","og_url":"https:\/\/physiotherapie-hiller-hilliges.de\/wp\/?page_id=70","og_site_name":"Physiotherapie und Osteopathie Hiller Hilliges","article_modified_time":"2019-12-23T15:00:15+00:00","og_image":[{"url":"https:\/\/physiotherapie-hiller-hilliges.de\/wp\/wp-content\/uploads\/2019\/01\/Raum-1_small-1024x672.jpg","type":"","width":"","height":""}],"twitter_card":"summary_large_image","schema":{"@context":"https:\/\/schema.org","@graph":[{"@type":"WebPage","@id":"https:\/\/physiotherapie-hiller-hilliges.de\/wp\/?page_id=70","url":"https:\/\/physiotherapie-hiller-hilliges.de\/wp\/?page_id=70","name":"R\u00e4umlichkeiten - Physiotherapie und Osteopathie Hiller Hilliges","isPartOf":{"@id":"https:\/\/physiotherapie-hiller-hilliges.de\/wp\/#website"},"primaryImageOfPage":{"@id":"https:\/\/physiotherapie-hiller-hilliges.de\/wp\/?page_id=70#primaryimage"},"image":{"@id":"https:\/\/physiotherapie-hiller-hilliges.de\/wp\/?page_id=70#primaryimage"},"thumbnailUrl":"https:\/\/physiotherapie-hiller-hilliges.de\/wp\/wp-content\/uploads\/2019\/01\/Raum-1_small-1024x672.jpg","datePublished":"2018-03-11T11:57:25+00:00","dateModified":"2019-12-23T15:00:15+00:00","breadcrumb":{"@id":"https:\/\/physiotherapie-hiller-hilliges.de\/wp\/?page_id=70#breadcrumb"},"inLanguage":"de","potentialAction":[{"@type":"ReadAction","target":["https:\/\/physiotherapie-hiller-hilliges.de\/wp\/?page_id=70"]}]},{"@type":"ImageObject","inLanguage":"de","@id":"https:\/\/physiotherapie-hiller-hilliges.de\/wp\/?page_id=70#primaryimage","url":"https:\/\/physiotherapie-hiller-hilliges.de\/wp\/wp-content\/uploads\/2019\/01\/Raum-1_small.jpg","contentUrl":"https:\/\/physiotherapie-hiller-hilliges.de\/wp\/wp-content\/uploads\/2019\/01\/Raum-1_small.jpg","width":1296,"height":851},{"@type":"BreadcrumbList","@id":"https:\/\/physiotherapie-hiller-hilliges.de\/wp\/?page_id=70#breadcrumb","itemListElement":[{"@type":"ListItem","position":1,"name":"Home","item":"https:\/\/physiotherapie-hiller-hilliges.de\/wp\/"},{"@type":"ListItem","position":2,"name":"R\u00e4umlichkeiten"}]},{"@type":"WebSite","@id":"https:\/\/physiotherapie-hiller-hilliges.de\/wp\/#website","url":"https:\/\/physiotherapie-hiller-hilliges.de\/wp\/","name":"Physiotherapie und Ostepathie Hiller","description":"Praxis f\u00fcr Kinder","potentialAction":[{"@type":"SearchAction","target":{"@type":"EntryPoint","urlTemplate":"https:\/\/physiotherapie-hiller-hilliges.de\/wp\/?s={search_term_string}"},"query-input":{"@type":"PropertyValueSpecification","valueRequired":true,"valueName":"search_term_string"}}],"inLanguage":"de"}]}},"jetpack_sharing_enabled":true,"_links":{"self":[{"href":"https:\/\/physiotherapie-hiller-hilliges.de\/wp\/index.php?rest_route=\/wp\/v2\/pages\/70","targetHints":{"allow":["GET"]}}],"collection":[{"href":"https:\/\/physiotherapie-hiller-hilliges.de\/wp\/index.php?rest_route=\/wp\/v2\/pages"}],"about":[{"href":"https:\/\/physiotherapie-hiller-hilliges.de\/wp\/index.php?rest_route=\/wp\/v2\/types\/page"}],"author":[{"embeddable":true,"href":"https:\/\/physiotherapie-hiller-hilliges.de\/wp\/index.php?rest_route=\/wp\/v2\/users\/1"}],"replies":[{"embeddable":true,"href":"https:\/\/physiotherapie-hiller-hilliges.de\/wp\/index.php?rest_route=%2Fwp%2Fv2%2Fcomments&post=70"}],"version-history":[{"count":5,"href":"https:\/\/physiotherapie-hiller-hilliges.de\/wp\/index.php?rest_route=\/wp\/v2\/pages\/70\/revisions"}],"predecessor-version":[{"id":668,"href":"https:\/\/physiotherapie-hiller-hilliges.de\/wp\/index.php?rest_route=\/wp\/v2\/pages\/70\/revisions\/668"}],"up":[{"embeddable":true,"href":"https:\/\/physiotherapie-hiller-hilliges.de\/wp\/index.php?rest_route=\/wp\/v2\/pages\/7"}],"wp:attachment":[{"href":"https:\/\/physiotherapie-hiller-hilliges.de\/wp\/index.php?rest_route=%2Fwp%2Fv2%2Fmedia&parent=70"}],"curies":[{"name":"wp","href":"https:\/\/api.w.org\/{rel}","templated":true}]}}