{"id":745,"date":"2019-12-23T14:23:20","date_gmt":"2019-12-23T14:23:20","guid":{"rendered":"https:\/\/physiotherapie-hiller-hilliges.de\/wp\/?page_id=745"},"modified":"2019-12-23T14:58:09","modified_gmt":"2019-12-23T14:58:09","slug":"entwicklungsberatung","status":"publish","type":"page","link":"https:\/\/physiotherapie-hiller-hilliges.de\/wp\/?page_id=745","title":{"rendered":"Entwicklungsberatung"},"content":{"rendered":"\n<p>Als Physiotherapeuten sind wir Heilmittelerbringer und behandeln auf \u00e4rztliche Anweisung. Wenn Ihnen an der Entwicklung Ihres Kindes etwas auff\u00e4llt, Sie unsicher sind und Fragen haben,  wenden Sie sich zuerst an Ihren Kinderarzt.<\/p>\n\n\n\n<p>Dar\u00fcber hinaus beraten wir Sie gerne, wenn:<\/p>\n\n\n\n<ul class=\"wp-block-list\"><li>Ihr Kind Regulationsst\u00f6rungen hat, viel schreit, unruhig oder zappelig ist<\/li><li> Sie den Eindruck haben ein \u201eSchreibaby\u201c zu haben<\/li><li> Ihr Kind hastig und unkontrolliert trinkt, oder es sonst Schwierigkeiten beim Stillen bzw. sp\u00e4ter beim Essen  gibt<\/li><li> Ihr Kind kaum zur Ruhe kommt, schlecht einschl\u00e4ft oder unruhig schl\u00e4ft<\/li><li> Ihr Kind nur in eine Richtung schaut, einen schiefen Hals, einen verformten Kopf oder eine Kopfgelenksblockade (\u201eKISS-Syndrom\u201c) hat<\/li><li> Sie das Gef\u00fchl haben, Ihr Kind hat Defizite in der motorischen oder psychomotorischen Entwicklung <\/li><li> Sie das Gef\u00fchl haben, im Umgang mit Ihrem Kind \u00fcberfordert zu sein<\/li><li>Ihnen die Fu\u00dfstellung, das Gangbild oder die K\u00f6rperhaltung ihres Kindes auff\u00e4llt und besorgt<\/li><li>Ihr Kind sich nicht gern und wenig bewegt, kraftlos und ungeschickt zu sein scheint<\/li><li>Ihr Kind unruhig und zappelig ist und Schwierigkeiten hat sich zu regulieren oder im Umgang mit anderen Kindern immer wieder in Konflikte ger\u00e4t<\/li><li>Sie mit uns zusammen, einen kompetenten, wertsch\u00e4tzenden Blick auf Ihr Kind in allen Fragen der k\u00f6rperlichen Entwicklung werfen m\u00f6chten und Auskunft und Rat \u00fcber m\u00f6gliche und sinnvolle Therapien und Hilfestellungen erhalten m\u00f6chten <\/li><\/ul>\n\n\n\n<p>Eine Entwicklungsberatung ist keine therapeutische Ma\u00dfnahme, somit keine Kassenleistung und wird Ihnen privat in Rechnung gestellt.<\/p>\n\n\n\n<p>Zur Terminvereinbarung einer Beratungseinheit kontaktieren Sie uns bitte per Telefon.<\/p>\n","protected":false},"excerpt":{"rendered":"<p>Als Physiotherapeuten sind wir Heilmittelerbringer und behandeln auf \u00e4rztliche Anweisung. Wenn Ihnen an der Entwicklung Ihres Kindes etwas auff\u00e4llt, Sie unsicher sind und Fragen haben, wenden Sie sich zuerst an Ihren Kinderarzt. Dar\u00fcber hinaus beraten wir Sie gerne, wenn: Ihr Kind Regulationsst\u00f6rungen hat, viel schreit, unruhig oder zappelig ist Sie den Eindruck haben ein \u201eSchreibaby\u201c &hellip; <a href=\"https:\/\/physiotherapie-hiller-hilliges.de\/wp\/?page_id=745\" class=\"more-link\"><span class=\"screen-reader-text\">\u201eEntwicklungsberatung\u201c <\/span>weiterlesen<\/a><\/p>\n","protected":false},"author":1,"featured_media":0,"parent":34,"menu_order":1,"comment_status":"closed","ping_status":"closed","template":"","meta":{"footnotes":""},"class_list":["post-745","page","type-page","status-publish","hentry"],"yoast_head":"<!-- This site is optimized with the Yoast SEO plugin v27.5 - https:\/\/yoast.com\/product\/yoast-seo-wordpress\/ -->\n<title>Entwicklungsberatung - Physiotherapie und Osteopathie Hiller Hilliges<\/title>\n<meta name=\"robots\" content=\"index, follow, max-snippet:-1, max-image-preview:large, max-video-preview:-1\" \/>\n<link rel=\"canonical\" href=\"https:\/\/physiotherapie-hiller-hilliges.de\/wp\/?page_id=745\" \/>\n<meta property=\"og:locale\" content=\"de_DE\" \/>\n<meta property=\"og:type\" content=\"article\" \/>\n<meta property=\"og:title\" content=\"Entwicklungsberatung - Physiotherapie und Osteopathie Hiller Hilliges\" \/>\n<meta property=\"og:description\" content=\"Als Physiotherapeuten sind wir Heilmittelerbringer und behandeln auf \u00e4rztliche Anweisung. Wenn Ihnen an der Entwicklung Ihres Kindes etwas auff\u00e4llt, Sie unsicher sind und Fragen haben, wenden Sie sich zuerst an Ihren Kinderarzt. Dar\u00fcber hinaus beraten wir Sie gerne, wenn: Ihr Kind Regulationsst\u00f6rungen hat, viel schreit, unruhig oder zappelig ist Sie den Eindruck haben ein \u201eSchreibaby\u201c &hellip; \u201eEntwicklungsberatung\u201c weiterlesen\" \/>\n<meta property=\"og:url\" content=\"https:\/\/physiotherapie-hiller-hilliges.de\/wp\/?page_id=745\" \/>\n<meta property=\"og:site_name\" content=\"Physiotherapie und Osteopathie Hiller Hilliges\" \/>\n<meta property=\"article:modified_time\" content=\"2019-12-23T14:58:09+00:00\" \/>\n<meta name=\"twitter:card\" content=\"summary_large_image\" \/>\n<meta name=\"twitter:label1\" content=\"Gesch\u00e4tzte Lesezeit\" \/>\n\t<meta name=\"twitter:data1\" content=\"1\u00a0Minute\" \/>\n<script type=\"application\/ld+json\" class=\"yoast-schema-graph\">{\"@context\":\"https:\\\/\\\/schema.org\",\"@graph\":[{\"@type\":\"WebPage\",\"@id\":\"https:\\\/\\\/physiotherapie-hiller-hilliges.de\\\/wp\\\/?page_id=745\",\"url\":\"https:\\\/\\\/physiotherapie-hiller-hilliges.de\\\/wp\\\/?page_id=745\",\"name\":\"Entwicklungsberatung - Physiotherapie und Osteopathie Hiller Hilliges\",\"isPartOf\":{\"@id\":\"https:\\\/\\\/physiotherapie-hiller-hilliges.de\\\/wp\\\/#website\"},\"datePublished\":\"2019-12-23T14:23:20+00:00\",\"dateModified\":\"2019-12-23T14:58:09+00:00\",\"breadcrumb\":{\"@id\":\"https:\\\/\\\/physiotherapie-hiller-hilliges.de\\\/wp\\\/?page_id=745#breadcrumb\"},\"inLanguage\":\"de\",\"potentialAction\":[{\"@type\":\"ReadAction\",\"target\":[\"https:\\\/\\\/physiotherapie-hiller-hilliges.de\\\/wp\\\/?page_id=745\"]}]},{\"@type\":\"BreadcrumbList\",\"@id\":\"https:\\\/\\\/physiotherapie-hiller-hilliges.de\\\/wp\\\/?page_id=745#breadcrumb\",\"itemListElement\":[{\"@type\":\"ListItem\",\"position\":1,\"name\":\"Home\",\"item\":\"https:\\\/\\\/physiotherapie-hiller-hilliges.de\\\/wp\\\/\"},{\"@type\":\"ListItem\",\"position\":2,\"name\":\"Angebot\",\"item\":\"https:\\\/\\\/physiotherapie-hiller-hilliges.de\\\/wp\\\/?page_id=34\"},{\"@type\":\"ListItem\",\"position\":3,\"name\":\"Entwicklungsberatung\"}]},{\"@type\":\"WebSite\",\"@id\":\"https:\\\/\\\/physiotherapie-hiller-hilliges.de\\\/wp\\\/#website\",\"url\":\"https:\\\/\\\/physiotherapie-hiller-hilliges.de\\\/wp\\\/\",\"name\":\"Physiotherapie und Ostepathie Hiller\",\"description\":\"Praxis f\u00fcr Kinder\",\"potentialAction\":[{\"@type\":\"SearchAction\",\"target\":{\"@type\":\"EntryPoint\",\"urlTemplate\":\"https:\\\/\\\/physiotherapie-hiller-hilliges.de\\\/wp\\\/?s={search_term_string}\"},\"query-input\":{\"@type\":\"PropertyValueSpecification\",\"valueRequired\":true,\"valueName\":\"search_term_string\"}}],\"inLanguage\":\"de\"}]}<\/script>\n<!-- \/ Yoast SEO plugin. -->","yoast_head_json":{"title":"Entwicklungsberatung - Physiotherapie und Osteopathie Hiller Hilliges","robots":{"index":"index","follow":"follow","max-snippet":"max-snippet:-1","max-image-preview":"max-image-preview:large","max-video-preview":"max-video-preview:-1"},"canonical":"https:\/\/physiotherapie-hiller-hilliges.de\/wp\/?page_id=745","og_locale":"de_DE","og_type":"article","og_title":"Entwicklungsberatung - Physiotherapie und Osteopathie Hiller Hilliges","og_description":"Als Physiotherapeuten sind wir Heilmittelerbringer und behandeln auf \u00e4rztliche Anweisung. Wenn Ihnen an der Entwicklung Ihres Kindes etwas auff\u00e4llt, Sie unsicher sind und Fragen haben, wenden Sie sich zuerst an Ihren Kinderarzt. Dar\u00fcber hinaus beraten wir Sie gerne, wenn: Ihr Kind Regulationsst\u00f6rungen hat, viel schreit, unruhig oder zappelig ist Sie den Eindruck haben ein \u201eSchreibaby\u201c &hellip; \u201eEntwicklungsberatung\u201c weiterlesen","og_url":"https:\/\/physiotherapie-hiller-hilliges.de\/wp\/?page_id=745","og_site_name":"Physiotherapie und Osteopathie Hiller Hilliges","article_modified_time":"2019-12-23T14:58:09+00:00","twitter_card":"summary_large_image","twitter_misc":{"Gesch\u00e4tzte Lesezeit":"1\u00a0Minute"},"schema":{"@context":"https:\/\/schema.org","@graph":[{"@type":"WebPage","@id":"https:\/\/physiotherapie-hiller-hilliges.de\/wp\/?page_id=745","url":"https:\/\/physiotherapie-hiller-hilliges.de\/wp\/?page_id=745","name":"Entwicklungsberatung - Physiotherapie und Osteopathie Hiller Hilliges","isPartOf":{"@id":"https:\/\/physiotherapie-hiller-hilliges.de\/wp\/#website"},"datePublished":"2019-12-23T14:23:20+00:00","dateModified":"2019-12-23T14:58:09+00:00","breadcrumb":{"@id":"https:\/\/physiotherapie-hiller-hilliges.de\/wp\/?page_id=745#breadcrumb"},"inLanguage":"de","potentialAction":[{"@type":"ReadAction","target":["https:\/\/physiotherapie-hiller-hilliges.de\/wp\/?page_id=745"]}]},{"@type":"BreadcrumbList","@id":"https:\/\/physiotherapie-hiller-hilliges.de\/wp\/?page_id=745#breadcrumb","itemListElement":[{"@type":"ListItem","position":1,"name":"Home","item":"https:\/\/physiotherapie-hiller-hilliges.de\/wp\/"},{"@type":"ListItem","position":2,"name":"Angebot","item":"https:\/\/physiotherapie-hiller-hilliges.de\/wp\/?page_id=34"},{"@type":"ListItem","position":3,"name":"Entwicklungsberatung"}]},{"@type":"WebSite","@id":"https:\/\/physiotherapie-hiller-hilliges.de\/wp\/#website","url":"https:\/\/physiotherapie-hiller-hilliges.de\/wp\/","name":"Physiotherapie und Ostepathie Hiller","description":"Praxis f\u00fcr Kinder","potentialAction":[{"@type":"SearchAction","target":{"@type":"EntryPoint","urlTemplate":"https:\/\/physiotherapie-hiller-hilliges.de\/wp\/?s={search_term_string}"},"query-input":{"@type":"PropertyValueSpecification","valueRequired":true,"valueName":"search_term_string"}}],"inLanguage":"de"}]}},"jetpack_sharing_enabled":true,"_links":{"self":[{"href":"https:\/\/physiotherapie-hiller-hilliges.de\/wp\/index.php?rest_route=\/wp\/v2\/pages\/745","targetHints":{"allow":["GET"]}}],"collection":[{"href":"https:\/\/physiotherapie-hiller-hilliges.de\/wp\/index.php?rest_route=\/wp\/v2\/pages"}],"about":[{"href":"https:\/\/physiotherapie-hiller-hilliges.de\/wp\/index.php?rest_route=\/wp\/v2\/types\/page"}],"author":[{"embeddable":true,"href":"https:\/\/physiotherapie-hiller-hilliges.de\/wp\/index.php?rest_route=\/wp\/v2\/users\/1"}],"replies":[{"embeddable":true,"href":"https:\/\/physiotherapie-hiller-hilliges.de\/wp\/index.php?rest_route=%2Fwp%2Fv2%2Fcomments&post=745"}],"version-history":[{"count":14,"href":"https:\/\/physiotherapie-hiller-hilliges.de\/wp\/index.php?rest_route=\/wp\/v2\/pages\/745\/revisions"}],"predecessor-version":[{"id":765,"href":"https:\/\/physiotherapie-hiller-hilliges.de\/wp\/index.php?rest_route=\/wp\/v2\/pages\/745\/revisions\/765"}],"up":[{"embeddable":true,"href":"https:\/\/physiotherapie-hiller-hilliges.de\/wp\/index.php?rest_route=\/wp\/v2\/pages\/34"}],"wp:attachment":[{"href":"https:\/\/physiotherapie-hiller-hilliges.de\/wp\/index.php?rest_route=%2Fwp%2Fv2%2Fmedia&parent=745"}],"curies":[{"name":"wp","href":"https:\/\/api.w.org\/{rel}","templated":true}]}}