{"id":756,"date":"2019-12-23T14:54:42","date_gmt":"2019-12-23T14:54:42","guid":{"rendered":"https:\/\/physiotherapie-hiller-hilliges.de\/wp\/?page_id=756"},"modified":"2019-12-23T14:56:39","modified_gmt":"2019-12-23T14:56:39","slug":"diagnosen","status":"publish","type":"page","link":"https:\/\/physiotherapie-hiller-hilliges.de\/wp\/?page_id=756","title":{"rendered":"Diagnosen"},"content":{"rendered":"\n<p>Bei folgenden Auff\u00e4lligkeiten kann eine physiotherapeutische Behandlung notwendig sein:<\/p>\n\n\n\n<ul class=\"wp-block-list\"><li>Entwicklungsverz\u00f6gerungen und mangelnder Aufrichtung aus der Bauchlage <\/li><li> Zentraler Koordinationsst\u00f6rung <\/li><li> Asymmetrie der Wirbels\u00e4ule (z. B. C-f\u00f6rmige Haltung)<\/li><li> Asymmetrie des Sch\u00e4dels, bei Schiefhals, bei KISS-Syndrom (Kopfgelenks-Induzierte-Symmetrie-St\u00f6rung)<\/li><li> Gleichgewichtsst\u00f6rungen<\/li><li> h\u00e4ufig wiederkehrenden Atemwegsinfekten oder Bronchitiden<\/li><li> Hackenf\u00fc\u00dfen, Sichelf\u00fc\u00dfen, Klumpf\u00fc\u00dfen<\/li><li> Adaptationsschwierigkeiten nach der Geburt (auch Fr\u00fchchen)<\/li><li> Blasen und Darmfunktionsst\u00f6rungen<\/li><li> allen Formen k\u00f6rperlicher und\/oder geistiger Behinderungen <\/li><li> Hohlkreuz oder Rundr\u00fccken und Skoliosen <\/li><li> Fehlstellungen der Beine (X-Beine, O-Beine, Innerotiertes Gangbild), H\u00fcftdysplasien<\/li><li> Fehlstellungen der F\u00fc\u00dfe<\/li><li> Auff\u00e4lligkeiten der sensorischen Integration<\/li><li> verminderter Beweglichkeit oder Ver\u00e4nderungen z. B. des Gangbildes durch Operationen<\/li><li> Konzentrationsst\u00f6rungen<\/li><li> Auff\u00e4lligkeiten der Mundmotorik, Verspannungen im Kieferbereich (z. B. Knirschen)<\/li><li> Auff\u00e4lligkeiten der Handmotorik\/Feinmotorik<\/li><li> Auff\u00e4lligkeiten der Grobmotorik (Koordinationsst\u00f6rungen)<\/li><li> ADS\/ADHS<\/li><li> Adipositas<\/li><li> Verhaltensauff\u00e4lligkeiten vor allem im Kontakt mit anderen Kindern<\/li><\/ul>\n","protected":false},"excerpt":{"rendered":"<p>Bei folgenden Auff\u00e4lligkeiten kann eine physiotherapeutische Behandlung notwendig sein: Entwicklungsverz\u00f6gerungen und mangelnder Aufrichtung aus der Bauchlage Zentraler Koordinationsst\u00f6rung Asymmetrie der Wirbels\u00e4ule (z. B. C-f\u00f6rmige Haltung) Asymmetrie des Sch\u00e4dels, bei Schiefhals, bei KISS-Syndrom (Kopfgelenks-Induzierte-Symmetrie-St\u00f6rung) Gleichgewichtsst\u00f6rungen h\u00e4ufig wiederkehrenden Atemwegsinfekten oder Bronchitiden Hackenf\u00fc\u00dfen, Sichelf\u00fc\u00dfen, Klumpf\u00fc\u00dfen Adaptationsschwierigkeiten nach der Geburt (auch Fr\u00fchchen) Blasen und Darmfunktionsst\u00f6rungen allen Formen k\u00f6rperlicher und\/oder &hellip; <a href=\"https:\/\/physiotherapie-hiller-hilliges.de\/wp\/?page_id=756\" class=\"more-link\"><span class=\"screen-reader-text\">\u201eDiagnosen\u201c <\/span>weiterlesen<\/a><\/p>\n","protected":false},"author":1,"featured_media":0,"parent":39,"menu_order":0,"comment_status":"closed","ping_status":"closed","template":"","meta":{"footnotes":""},"class_list":["post-756","page","type-page","status-publish","hentry"],"yoast_head":"<!-- This site is optimized with the Yoast SEO plugin v27.3 - https:\/\/yoast.com\/product\/yoast-seo-wordpress\/ -->\n<title>Diagnosen - Physiotherapie und Osteopathie Hiller Hilliges<\/title>\n<meta name=\"robots\" content=\"index, follow, max-snippet:-1, max-image-preview:large, max-video-preview:-1\" \/>\n<link rel=\"canonical\" href=\"https:\/\/physiotherapie-hiller-hilliges.de\/wp\/?page_id=756\" \/>\n<meta property=\"og:locale\" content=\"de_DE\" \/>\n<meta property=\"og:type\" content=\"article\" \/>\n<meta property=\"og:title\" content=\"Diagnosen - Physiotherapie und Osteopathie Hiller Hilliges\" \/>\n<meta property=\"og:description\" content=\"Bei folgenden Auff\u00e4lligkeiten kann eine physiotherapeutische Behandlung notwendig sein: Entwicklungsverz\u00f6gerungen und mangelnder Aufrichtung aus der Bauchlage Zentraler Koordinationsst\u00f6rung Asymmetrie der Wirbels\u00e4ule (z. B. C-f\u00f6rmige Haltung) Asymmetrie des Sch\u00e4dels, bei Schiefhals, bei KISS-Syndrom (Kopfgelenks-Induzierte-Symmetrie-St\u00f6rung) Gleichgewichtsst\u00f6rungen h\u00e4ufig wiederkehrenden Atemwegsinfekten oder Bronchitiden Hackenf\u00fc\u00dfen, Sichelf\u00fc\u00dfen, Klumpf\u00fc\u00dfen Adaptationsschwierigkeiten nach der Geburt (auch Fr\u00fchchen) Blasen und Darmfunktionsst\u00f6rungen allen Formen k\u00f6rperlicher und\/oder &hellip; \u201eDiagnosen\u201c weiterlesen\" \/>\n<meta property=\"og:url\" content=\"https:\/\/physiotherapie-hiller-hilliges.de\/wp\/?page_id=756\" \/>\n<meta property=\"og:site_name\" content=\"Physiotherapie und Osteopathie Hiller Hilliges\" \/>\n<meta property=\"article:modified_time\" content=\"2019-12-23T14:56:39+00:00\" \/>\n<meta name=\"twitter:card\" content=\"summary_large_image\" \/>\n<meta name=\"twitter:label1\" content=\"Gesch\u00e4tzte Lesezeit\" \/>\n\t<meta name=\"twitter:data1\" content=\"1\u00a0Minute\" \/>\n<script type=\"application\/ld+json\" class=\"yoast-schema-graph\">{\"@context\":\"https:\\\/\\\/schema.org\",\"@graph\":[{\"@type\":\"WebPage\",\"@id\":\"https:\\\/\\\/physiotherapie-hiller-hilliges.de\\\/wp\\\/?page_id=756\",\"url\":\"https:\\\/\\\/physiotherapie-hiller-hilliges.de\\\/wp\\\/?page_id=756\",\"name\":\"Diagnosen - Physiotherapie und Osteopathie Hiller Hilliges\",\"isPartOf\":{\"@id\":\"https:\\\/\\\/physiotherapie-hiller-hilliges.de\\\/wp\\\/#website\"},\"datePublished\":\"2019-12-23T14:54:42+00:00\",\"dateModified\":\"2019-12-23T14:56:39+00:00\",\"breadcrumb\":{\"@id\":\"https:\\\/\\\/physiotherapie-hiller-hilliges.de\\\/wp\\\/?page_id=756#breadcrumb\"},\"inLanguage\":\"de\",\"potentialAction\":[{\"@type\":\"ReadAction\",\"target\":[\"https:\\\/\\\/physiotherapie-hiller-hilliges.de\\\/wp\\\/?page_id=756\"]}]},{\"@type\":\"BreadcrumbList\",\"@id\":\"https:\\\/\\\/physiotherapie-hiller-hilliges.de\\\/wp\\\/?page_id=756#breadcrumb\",\"itemListElement\":[{\"@type\":\"ListItem\",\"position\":1,\"name\":\"Home\",\"item\":\"https:\\\/\\\/physiotherapie-hiller-hilliges.de\\\/wp\\\/\"},{\"@type\":\"ListItem\",\"position\":2,\"name\":\"Angebot\",\"item\":\"https:\\\/\\\/physiotherapie-hiller-hilliges.de\\\/wp\\\/?page_id=34\"},{\"@type\":\"ListItem\",\"position\":3,\"name\":\"Therapien\",\"item\":\"https:\\\/\\\/physiotherapie-hiller-hilliges.de\\\/wp\\\/?page_id=39\"},{\"@type\":\"ListItem\",\"position\":4,\"name\":\"Diagnosen\"}]},{\"@type\":\"WebSite\",\"@id\":\"https:\\\/\\\/physiotherapie-hiller-hilliges.de\\\/wp\\\/#website\",\"url\":\"https:\\\/\\\/physiotherapie-hiller-hilliges.de\\\/wp\\\/\",\"name\":\"Physiotherapie und Ostepathie Hiller\",\"description\":\"Praxis f\u00fcr Kinder\",\"potentialAction\":[{\"@type\":\"SearchAction\",\"target\":{\"@type\":\"EntryPoint\",\"urlTemplate\":\"https:\\\/\\\/physiotherapie-hiller-hilliges.de\\\/wp\\\/?s={search_term_string}\"},\"query-input\":{\"@type\":\"PropertyValueSpecification\",\"valueRequired\":true,\"valueName\":\"search_term_string\"}}],\"inLanguage\":\"de\"}]}<\/script>\n<!-- \/ Yoast SEO plugin. -->","yoast_head_json":{"title":"Diagnosen - Physiotherapie und Osteopathie Hiller Hilliges","robots":{"index":"index","follow":"follow","max-snippet":"max-snippet:-1","max-image-preview":"max-image-preview:large","max-video-preview":"max-video-preview:-1"},"canonical":"https:\/\/physiotherapie-hiller-hilliges.de\/wp\/?page_id=756","og_locale":"de_DE","og_type":"article","og_title":"Diagnosen - Physiotherapie und Osteopathie Hiller Hilliges","og_description":"Bei folgenden Auff\u00e4lligkeiten kann eine physiotherapeutische Behandlung notwendig sein: Entwicklungsverz\u00f6gerungen und mangelnder Aufrichtung aus der Bauchlage Zentraler Koordinationsst\u00f6rung Asymmetrie der Wirbels\u00e4ule (z. B. C-f\u00f6rmige Haltung) Asymmetrie des Sch\u00e4dels, bei Schiefhals, bei KISS-Syndrom (Kopfgelenks-Induzierte-Symmetrie-St\u00f6rung) Gleichgewichtsst\u00f6rungen h\u00e4ufig wiederkehrenden Atemwegsinfekten oder Bronchitiden Hackenf\u00fc\u00dfen, Sichelf\u00fc\u00dfen, Klumpf\u00fc\u00dfen Adaptationsschwierigkeiten nach der Geburt (auch Fr\u00fchchen) Blasen und Darmfunktionsst\u00f6rungen allen Formen k\u00f6rperlicher und\/oder &hellip; \u201eDiagnosen\u201c weiterlesen","og_url":"https:\/\/physiotherapie-hiller-hilliges.de\/wp\/?page_id=756","og_site_name":"Physiotherapie und Osteopathie Hiller Hilliges","article_modified_time":"2019-12-23T14:56:39+00:00","twitter_card":"summary_large_image","twitter_misc":{"Gesch\u00e4tzte Lesezeit":"1\u00a0Minute"},"schema":{"@context":"https:\/\/schema.org","@graph":[{"@type":"WebPage","@id":"https:\/\/physiotherapie-hiller-hilliges.de\/wp\/?page_id=756","url":"https:\/\/physiotherapie-hiller-hilliges.de\/wp\/?page_id=756","name":"Diagnosen - Physiotherapie und Osteopathie Hiller Hilliges","isPartOf":{"@id":"https:\/\/physiotherapie-hiller-hilliges.de\/wp\/#website"},"datePublished":"2019-12-23T14:54:42+00:00","dateModified":"2019-12-23T14:56:39+00:00","breadcrumb":{"@id":"https:\/\/physiotherapie-hiller-hilliges.de\/wp\/?page_id=756#breadcrumb"},"inLanguage":"de","potentialAction":[{"@type":"ReadAction","target":["https:\/\/physiotherapie-hiller-hilliges.de\/wp\/?page_id=756"]}]},{"@type":"BreadcrumbList","@id":"https:\/\/physiotherapie-hiller-hilliges.de\/wp\/?page_id=756#breadcrumb","itemListElement":[{"@type":"ListItem","position":1,"name":"Home","item":"https:\/\/physiotherapie-hiller-hilliges.de\/wp\/"},{"@type":"ListItem","position":2,"name":"Angebot","item":"https:\/\/physiotherapie-hiller-hilliges.de\/wp\/?page_id=34"},{"@type":"ListItem","position":3,"name":"Therapien","item":"https:\/\/physiotherapie-hiller-hilliges.de\/wp\/?page_id=39"},{"@type":"ListItem","position":4,"name":"Diagnosen"}]},{"@type":"WebSite","@id":"https:\/\/physiotherapie-hiller-hilliges.de\/wp\/#website","url":"https:\/\/physiotherapie-hiller-hilliges.de\/wp\/","name":"Physiotherapie und Ostepathie Hiller","description":"Praxis f\u00fcr Kinder","potentialAction":[{"@type":"SearchAction","target":{"@type":"EntryPoint","urlTemplate":"https:\/\/physiotherapie-hiller-hilliges.de\/wp\/?s={search_term_string}"},"query-input":{"@type":"PropertyValueSpecification","valueRequired":true,"valueName":"search_term_string"}}],"inLanguage":"de"}]}},"jetpack_sharing_enabled":true,"_links":{"self":[{"href":"https:\/\/physiotherapie-hiller-hilliges.de\/wp\/index.php?rest_route=\/wp\/v2\/pages\/756","targetHints":{"allow":["GET"]}}],"collection":[{"href":"https:\/\/physiotherapie-hiller-hilliges.de\/wp\/index.php?rest_route=\/wp\/v2\/pages"}],"about":[{"href":"https:\/\/physiotherapie-hiller-hilliges.de\/wp\/index.php?rest_route=\/wp\/v2\/types\/page"}],"author":[{"embeddable":true,"href":"https:\/\/physiotherapie-hiller-hilliges.de\/wp\/index.php?rest_route=\/wp\/v2\/users\/1"}],"replies":[{"embeddable":true,"href":"https:\/\/physiotherapie-hiller-hilliges.de\/wp\/index.php?rest_route=%2Fwp%2Fv2%2Fcomments&post=756"}],"version-history":[{"count":2,"href":"https:\/\/physiotherapie-hiller-hilliges.de\/wp\/index.php?rest_route=\/wp\/v2\/pages\/756\/revisions"}],"predecessor-version":[{"id":766,"href":"https:\/\/physiotherapie-hiller-hilliges.de\/wp\/index.php?rest_route=\/wp\/v2\/pages\/756\/revisions\/766"}],"up":[{"embeddable":true,"href":"https:\/\/physiotherapie-hiller-hilliges.de\/wp\/index.php?rest_route=\/wp\/v2\/pages\/39"}],"wp:attachment":[{"href":"https:\/\/physiotherapie-hiller-hilliges.de\/wp\/index.php?rest_route=%2Fwp%2Fv2%2Fmedia&parent=756"}],"curies":[{"name":"wp","href":"https:\/\/api.w.org\/{rel}","templated":true}]}}